{"id":27247,"date":"2024-02-21T00:23:48","date_gmt":"2024-02-20T22:23:48","guid":{"rendered":"https:\/\/beta.b2bunv.com.ua\/?post_type=product&#038;p=27247"},"modified":"2024-02-21T00:25:43","modified_gmt":"2024-02-20T22:25:43","slug":"ipc2a28se-adzk-i0","status":"publish","type":"product","link":"https:\/\/beta.b2bunv.com.ua\/?product=ipc2a28se-adzk-i0","title":{"rendered":"IPC2A28SE-ADZK-I0"},"content":{"rendered":"<table width=\"100%\">\n<tbody>\n<tr>\n<td class=\"thead\" width=\"30%\">&nbsp;<\/td>\n<td class=\"thead\" width=\"70%\" colspan=\"5\">IPC2A28SE-ADZK-I0<\/td>\n<\/tr>\n<tr>\n<td class=\"thead\" colspan=\"6\">Camera<\/td>\n<\/tr>\n<tr>\n<td>Sensor<\/td>\n<td colspan=\"5\">1\/1.8&#8243;, 8.0 megapixel, progressive scan, CMOS<\/td>\n<\/tr>\n<tr>\n<td>Min. Illumination<\/td>\n<td colspan=\"5\">Colour:0.0008 lux (F1.2, AGC ON)<br \/>0 lux with IR<\/td>\n<\/tr>\n<tr>\n<td>Day\/Night<\/td>\n<td colspan=\"5\">IR-cut filter with auto switch (ICR)<\/td>\n<\/tr>\n<tr>\n<td>Shutter<\/td>\n<td colspan=\"5\">Auto\/Manual, 1 ~ 1\/100000s<\/td>\n<\/tr>\n<tr>\n<td>WDR<\/td>\n<td colspan=\"5\">120dB<\/td>\n<\/tr>\n<tr>\n<td>S\/N<\/td>\n<td colspan=\"5\">&gt;56dB<\/td>\n<\/tr>\n<tr>\n<td class=\"thead\" colspan=\"6\">Lens<\/td>\n<\/tr>\n<tr>\n<td>Lens type<\/td>\n<td colspan=\"5\">2.8~12mm@F1.2, AF automatic focusing and motorized zoom lens<\/td>\n<\/tr>\n<tr>\n<td>Iris<\/td>\n<td colspan=\"5\">Fixed<\/td>\n<\/tr>\n<tr>\n<td>Field of View (H)<\/td>\n<td colspan=\"5\">48.0\u00b0~101.1\u00b0<\/td>\n<\/tr>\n<tr>\n<td>Field of View (V)<\/td>\n<td colspan=\"5\">23.9\u00b0~57.2\u00b0<\/td>\n<\/tr>\n<tr>\n<td>Field of View (D)<\/td>\n<td colspan=\"5\">4.12\u00b0~74.38\u00b0<\/td>\n<\/tr>\n<tr>\n<td class=\"thead\" colspan=\"6\">DORI<\/td>\n<\/tr>\n<tr>\n<td rowspan=\"3\">DORI Distance<\/td>\n<td>Lens (mm)<\/td>\n<td>Detect (m)<\/td>\n<td>Observe (m)<\/td>\n<td>Recognize (m)<\/td>\n<td>Identify (m)<\/td>\n<\/tr>\n<tr>\n<td>2.8<\/td>\n<td>98.6(323.3ft)<\/td>\n<td>39.4(129.3ft)<\/td>\n<td>19.7(64.7ft)<\/td>\n<td>9.9(32.3ft)<\/td>\n<\/tr>\n<tr>\n<td>12<\/td>\n<td>241.0(790.6ft)<\/td>\n<td>96.4(316.2ft)<\/td>\n<td>48.2(158.1ft)<\/td>\n<td>24.1(79.1ft)<\/td>\n<\/tr>\n<tr>\n<td class=\"thead\" colspan=\"6\">Illuminator<\/td>\n<\/tr>\n<tr>\n<td>IR Range<\/td>\n<td colspan=\"5\">Up to 80m (262 ft) IR range<\/td>\n<\/tr>\n<tr>\n<td>Wavelength<\/td>\n<td colspan=\"5\">850nm<\/td>\n<\/tr>\n<tr>\n<td>IR On\/Off Control<\/td>\n<td colspan=\"5\">Auto\/Manual<\/td>\n<\/tr>\n<tr>\n<td class=\"thead\" colspan=\"6\">Video<\/td>\n<\/tr>\n<tr>\n<td>Video Compression<\/td>\n<td colspan=\"5\">Ultra 265, H.265, H.264, MJPEG<\/td>\n<\/tr>\n<tr>\n<td>Frame Rate<\/td>\n<td colspan=\"5\">Main Stream: 8MP (3840*2160), Max 30fps; <br \/>Sub Stream: 720P (1280*720), Max 30fps; <br \/>Third Stream: D1 (720*576), Max 30fps; <\/td>\n<\/tr>\n<tr>\n<td>Video Bit Rate<\/td>\n<td colspan=\"5\">128 Kbps~16 Mbps<\/td>\n<\/tr>\n<tr>\n<td>ROI<\/td>\n<td colspan=\"5\">Up to 8 areas<\/td>\n<\/tr>\n<tr>\n<td>Video stream<\/td>\n<td colspan=\"5\">Triple streams<\/td>\n<\/tr>\n<tr>\n<td>OSD<\/td>\n<td colspan=\"5\">Up to 8 OSDs<\/td>\n<\/tr>\n<tr>\n<td>Privacy Mask<\/td>\n<td colspan=\"5\">Up to 4 areas per scene<\/td>\n<\/tr>\n<tr>\n<td class=\"thead\" colspan=\"6\">Image<\/td>\n<\/tr>\n<tr>\n<td>White Balance<\/td>\n<td colspan=\"5\">Auto\/Outdoor\/Fine Tune\/Sodium Lamp\/Locked\/Auto2<\/td>\n<\/tr>\n<tr>\n<td>Digital noise reduction<\/td>\n<td colspan=\"5\">2D\/3D DNR<\/td>\n<\/tr>\n<tr>\n<td>Smart IR<\/td>\n<td colspan=\"5\">Support<\/td>\n<\/tr>\n<tr>\n<td>Flip<\/td>\n<td colspan=\"5\">Normal\/Flip Vertical\/Flip Horizontal\/180\u00b0<\/td>\n<\/tr>\n<tr>\n<td>HLC<\/td>\n<td colspan=\"5\">Support<\/td>\n<\/tr>\n<tr>\n<td>BLC<\/td>\n<td colspan=\"5\">Support<\/td>\n<\/tr>\n<tr>\n<td>Defog<\/td>\n<td colspan=\"5\">Digital Defog<\/td>\n<\/tr>\n<tr>\n<td class=\"thead\" colspan=\"6\">Intelligent<\/td>\n<\/tr>\n<tr>\n<td>Smart intrusion prevention<\/td>\n<td colspan=\"5\">Support false alarm filtering: Cross Line detection, Intrusion detection, Enter Area detection, Leave Area detection<\/td>\n<\/tr>\n<tr>\n<td>People counting<\/td>\n<td colspan=\"5\">Support people flow counting and crowd density monitoring<\/td>\n<\/tr>\n<tr>\n<td class=\"thead\" colspan=\"6\">Events<\/td>\n<\/tr>\n<tr>\n<td>Basic Detection<\/td>\n<td colspan=\"5\">Motion detection, Audio detection, Tampering alarm<\/td>\n<\/tr>\n<tr>\n<td>General Function<\/td>\n<td colspan=\"5\">Watermark, IP Address Filtering, Alarm input, Alarm output, Access Policy, ARP Protection, RTSP Authentication, User Authentication<\/td>\n<\/tr>\n<tr>\n<td class=\"thead\" colspan=\"6\">Audio<\/td>\n<\/tr>\n<tr>\n<td>Audio Compression<\/td>\n<td colspan=\"5\">G.711U, G.711A<\/td>\n<\/tr>\n<tr>\n<td>Audio Bitrate<\/td>\n<td colspan=\"5\">64 Kbps<\/td>\n<\/tr>\n<tr>\n<td>Two-way Audio<\/td>\n<td colspan=\"5\">Support<\/td>\n<\/tr>\n<tr>\n<td>Suppression<\/td>\n<td colspan=\"5\">Support<\/td>\n<\/tr>\n<tr>\n<td>Sampling Rate<\/td>\n<td colspan=\"5\">8KHz<\/td>\n<\/tr>\n<tr>\n<td class=\"thead\" colspan=\"6\">Storage<\/td>\n<\/tr>\n<tr>\n<td>Edge Storage<\/td>\n<td colspan=\"5\">Micro SD, up to 256 GB<\/td>\n<\/tr>\n<tr>\n<td>Network Storage<\/td>\n<td colspan=\"5\">ANR,NAS(NFS)<\/td>\n<\/tr>\n<tr>\n<td class=\"thead\" colspan=\"6\">Network<\/td>\n<\/tr>\n<tr>\n<td>Protocols<\/td>\n<td colspan=\"5\">IPv4, IGMP, ICMP, ARP, TCP, UDP, DHCP, PPPoE, RTP, RTSP, RTCP, DNS, DDNS, NTP, FTP, UPnP, HTTP, HTTPS, SMTP, 802.1x, SNMP, QoS, RTMP, SSL\/TLS<\/td>\n<\/tr>\n<tr>\n<td>Compatible Integration<\/td>\n<td colspan=\"5\">ONVIF (Profile S, Profile G, Profile T), API, SDK<\/td>\n<\/tr>\n<tr>\n<td>User\/Host<\/td>\n<td colspan=\"5\">Up to 32 users. 3 user levels: administrator, operator and common user<\/td>\n<\/tr>\n<tr>\n<td>Security<\/td>\n<td colspan=\"5\">Password protection, strong password, HTTPS encryption, basic and digest authentication for RTSP, digest authentication for HTTP, TLS 1.2, WSSE and digest authentication for ONVIF<\/td>\n<\/tr>\n<tr>\n<td>Client<\/td>\n<td colspan=\"5\">EZStation<br \/>EZLive<br \/>Ezview<\/td>\n<\/tr>\n<tr>\n<td>Web Browser<\/td>\n<td colspan=\"5\">Plug-in required live view: IE 10 and above, Chrome 45 and above, Firefox 52 and above, Edge 79 and above<\/td>\n<\/tr>\n<tr>\n<td class=\"thead\" colspan=\"6\">Interface<\/td>\n<\/tr>\n<tr>\n<td>Audio I\/O<\/td>\n<td colspan=\"5\">1\/1<\/td>\n<\/tr>\n<tr>\n<td>Alarm I\/O<\/td>\n<td colspan=\"5\">2\/1<\/td>\n<\/tr>\n<tr>\n<td>Serial Port<\/td>\n<td colspan=\"5\">N\/A<\/td>\n<\/tr>\n<tr>\n<td>Built-in Mic<\/td>\n<td colspan=\"5\">Support<\/td>\n<\/tr>\n<tr>\n<td>Built-in Speaker<\/td>\n<td colspan=\"5\">N\/A<\/td>\n<\/tr>\n<tr>\n<td>Built-in Heater<\/td>\n<td colspan=\"5\">Support<\/td>\n<\/tr>\n<tr>\n<td>Video output<\/td>\n<td colspan=\"5\">1 BNC<\/td>\n<\/tr>\n<tr>\n<td>Network<\/td>\n<td colspan=\"5\">1 * RJ45 10M\/100M Base-TX Ethernet<\/td>\n<\/tr>\n<tr>\n<td class=\"thead\" colspan=\"6\">Certification<\/td>\n<\/tr>\n<tr>\n<td>EMC<\/td>\n<td colspan=\"5\">CE-EMC (EN 55032: 2015+A1:2020,EN 61000-3-3: 2013+A1: 2019,EN IEC 61000-3-2: 2019+A1: 2021,EN 55035: 2017+A11:2020)<br \/>FCC (FCC CFR 47 part15 B, ANSI C63.4-2014)<\/td>\n<\/tr>\n<tr>\n<td>Safety<\/td>\n<td colspan=\"5\">CE LVD (EN 62368-1:2014+A11:2017)<br \/>CB (IEC 62368-1:2014)<br \/>UL (UL 62368-1, 2nd Ed., Issue Date: 2014-12-01)<\/td>\n<\/tr>\n<tr>\n<td>Environment<\/td>\n<td colspan=\"5\">CE-RoHS (2011\/65\/EU;(EU)2015\/863); WEEE (2012\/19\/EU); Reach (Regulation (EC) No 1907\/2006)<\/td>\n<\/tr>\n<tr>\n<td>Protection<\/td>\n<td colspan=\"5\">IP67 (IEC 60529:1989+AMD1:1999+AMD2:2013)<br \/>IK10 (IEC 62262:2002)<\/td>\n<\/tr>\n<tr>\n<td class=\"thead\" colspan=\"6\">General<\/td>\n<\/tr>\n<tr>\n<td rowspan=\"2\">Power<\/td>\n<td colspan=\"5\">DC12V(\u00b125%), PoE(IEEE 802.3af)<\/td>\n<\/tr>\n<tr>\n<td colspan=\"5\">Power consumption: Max 12W<\/td>\n<\/tr>\n<tr>\n<td>Dimensions (\u00d8 x H)<\/td>\n<td colspan=\"5\">\u00d8 130\u00d7322mm (\u00d8 5.1\u2019\u2019 x 12.7\u2019\u2019)<\/td>\n<\/tr>\n<tr>\n<td>Weight<\/td>\n<td colspan=\"5\">1.5Kg(3.31lb)<\/td>\n<\/tr>\n<tr>\n<td>Working Environment<\/td>\n<td colspan=\"5\">-40\u00b0C ~ 60\u00b0C (-40\u00b0F ~ 140\u00b0F), Humidity: \u226495% RH (non-condensing)<\/td>\n<\/tr>\n<tr>\n<td>Storage Environment<\/td>\n<td colspan=\"5\">-40\u00b0C ~ 70\u00b0C (-40\u00b0F ~ 158\u00b0F), Humidity: \u226495% RH (non-condensing)<\/td>\n<\/tr>\n<tr>\n<td>Surge protection<\/td>\n<td colspan=\"5\">6KV<\/td>\n<\/tr>\n<tr>\n<td>Reset button<\/td>\n<td colspan=\"5\">Support<\/td>\n<\/tr>\n<\/tbody>\n<\/table>\n","protected":false},"excerpt":{"rendered":"<ul>\n<li>\n    &nbsp;High quality image with 8MP,1\/1.8\u2019\u2019 CMOS sensor\n  <\/li>\n<li>\n    &nbsp;3840*2160@30fps in the main stream\n  <\/li>\n<li>\n    &nbsp;Ultra 265, H.265, H.264, MJPEG\n  <\/li>\n<li>\n    &nbsp;Smart intrusion prevention, support false alarm filtering, include Cross Line, Intrusion, Enter Area, Leave Area detection\n  <\/li>\n<li>\n    &nbsp;People Counting, support people flow counting and crowd density monitoring, suitable for different statistical scenarios\n  <\/li>\n<li>\n    &nbsp;LightHunter technology ensures ultra-high image quality in low illumination environment\n  <\/li>\n<li>\n    &nbsp;Up to 120 dB Optical WDR (Wide Dynamic Range)\n  <\/li>\n<li>\n    &nbsp;Built-in heater, support normal start-up at low temperature\n  <\/li>\n<li>\n    &nbsp;DC12V or PoE (IEEE 802.3af) power supply\n  <\/li>\n<li>\n    &nbsp;Wide voltage range of \u00b125% in DC\n  <\/li>\n<li>\n    &nbsp;Audio 1 in and 1 out, Alarm 2 in and 1 out\n  <\/li>\n<\/ul>\n","protected":false},"featured_media":27324,"template":"","meta":[],"product_cat":[32,273,276],"product_tag":[244],"_links":{"self":[{"href":"https:\/\/beta.b2bunv.com.ua\/index.php?rest_route=\/wp\/v2\/product\/27247"}],"collection":[{"href":"https:\/\/beta.b2bunv.com.ua\/index.php?rest_route=\/wp\/v2\/product"}],"about":[{"href":"https:\/\/beta.b2bunv.com.ua\/index.php?rest_route=\/wp\/v2\/types\/product"}],"version-history":[{"count":1,"href":"https:\/\/beta.b2bunv.com.ua\/index.php?rest_route=\/wp\/v2\/product\/27247\/revisions"}],"predecessor-version":[{"id":27328,"href":"https:\/\/beta.b2bunv.com.ua\/index.php?rest_route=\/wp\/v2\/product\/27247\/revisions\/27328"}],"wp:featuredmedia":[{"embeddable":true,"href":"https:\/\/beta.b2bunv.com.ua\/index.php?rest_route=\/wp\/v2\/media\/27324"}],"wp:attachment":[{"href":"https:\/\/beta.b2bunv.com.ua\/index.php?rest_route=%2Fwp%2Fv2%2Fmedia&parent=27247"}],"wp:term":[{"taxonomy":"product_cat","embeddable":true,"href":"https:\/\/beta.b2bunv.com.ua\/index.php?rest_route=%2Fwp%2Fv2%2Fproduct_cat&post=27247"},{"taxonomy":"product_tag","embeddable":true,"href":"https:\/\/beta.b2bunv.com.ua\/index.php?rest_route=%2Fwp%2Fv2%2Fproduct_tag&post=27247"}],"curies":[{"name":"wp","href":"https:\/\/api.w.org\/{rel}","templated":true}]}}