{"id":27339,"date":"2024-02-21T00:26:08","date_gmt":"2024-02-20T22:26:08","guid":{"rendered":"https:\/\/beta.b2bunv.com.ua\/?post_type=product&#038;p=27339"},"modified":"2024-02-21T00:27:18","modified_gmt":"2024-02-20T22:27:18","slug":"kit-nvr301-04ls3-w-4322lb-af28wk-g","status":"publish","type":"product","link":"https:\/\/beta.b2bunv.com.ua\/?product=kit-nvr301-04ls3-w-4322lb-af28wk-g","title":{"rendered":"KIT\/NVR301-04LS3-W\/4*322LB-AF28WK-G"},"content":{"rendered":"<table width=\"100%\">\n<tbody>\n<tr>\n<td class=\"thead\" width=\"30%\"><b>Model<\/b><\/td>\n<td class=\"thead\" width=\"70%\" colspan=\"5\"><b>NVR301-04LS3-W<\/b><\/td>\n<\/tr>\n<tr>\n<td class=\"thead\" colspan=\"6\">Video\/Audio Input<\/td>\n<\/tr>\n<tr>\n<td>IP Video Input<\/td>\n<td colspan=\"5\">4-ch<\/td>\n<\/tr>\n<tr>\n<td class=\"thead\" colspan=\"6\">Network<\/td>\n<\/tr>\n<tr>\n<td>Incoming Bandwidth<\/td>\n<td colspan=\"5\">40Mbps<\/td>\n<\/tr>\n<tr>\n<td>Outgoing Bandwidth<\/td>\n<td colspan=\"5\">40Mbps<\/td>\n<\/tr>\n<tr>\n<td>Remote Users<\/td>\n<td colspan=\"5\">128<\/td>\n<\/tr>\n<tr>\n<td>Protocols<\/td>\n<td colspan=\"5\">TCP\/IP, P2P, UPnP, NTP, DHCP, PPPoE, HTTP, HTTPS, DNS, DDNS<\/td>\n<\/tr>\n<tr>\n<td class=\"thead\" colspan=\"6\">Video\/Audio Output<\/td>\n<\/tr>\n<tr>\n<td>HDMI\/VGA Output<\/td>\n<td colspan=\"5\">HDMI:<br \/>1920x1080p \/60Hz, 1920x1080p \/50Hz, 1600&#215;1200 \/60Hz, 1280&#215;1024 \/60Hz, 1280&#215;720 \/60Hz, 1024&#215;768 \/60Hz<br \/>VGA:<br \/>1920x1080p \/60Hz, 1920x1080p \/50Hz, 1600&#215;1200 \/60Hz, 1280&#215;1024 \/60Hz, 1280&#215;720 \/60Hz, 1024&#215;768 \/60Hz<\/td>\n<\/tr>\n<tr>\n<td>Recording Resolution<\/td>\n<td colspan=\"5\">1080P\/960P\/720P\/D1\/2CIF\/CIF<\/td>\n<\/tr>\n<tr>\n<td>Audio Output<\/td>\n<td colspan=\"5\">1-ch, RCA<\/td>\n<\/tr>\n<tr>\n<td>Audio Compression<\/td>\n<td colspan=\"5\">G.711A, G.711U <\/td>\n<\/tr>\n<tr>\n<td>Synchronous Playback<\/td>\n<td colspan=\"5\">4-ch<\/td>\n<\/tr>\n<tr>\n<td>Live View Display<\/td>\n<td colspan=\"5\">1\/4<\/td>\n<\/tr>\n<tr>\n<td>Corridor Mode Screen<\/td>\n<td colspan=\"5\">3\/4<\/td>\n<\/tr>\n<tr>\n<td class=\"thead\" colspan=\"6\">Snapshot<\/td>\n<\/tr>\n<tr>\n<td>Event Snapshot<\/td>\n<td colspan=\"5\">1-ch snapshot, up to D1 resolution<\/td>\n<\/tr>\n<tr>\n<td class=\"thead\" colspan=\"6\">Decoding<\/td>\n<\/tr>\n<tr>\n<td>Decoding format<\/td>\n<td colspan=\"5\">Ultra 265\/H.265\/H.264<\/td>\n<\/tr>\n<tr>\n<td>Live view\/ Playback<\/td>\n<td colspan=\"5\">1080p\/960p\/720p\/D1\/2CIF\/CIF<\/td>\n<\/tr>\n<tr>\n<td>Capability<\/td>\n<td colspan=\"5\">4 x 1080P@30<\/td>\n<\/tr>\n<tr>\n<td class=\"thead\" colspan=\"6\">Hard Disk<\/td>\n<\/tr>\n<tr>\n<td>SATA<\/td>\n<td colspan=\"5\">1 SATA interface<\/td>\n<\/tr>\n<tr>\n<td>Capacity<\/td>\n<td colspan=\"5\">Up to 6TB for each HDD<\/td>\n<\/tr>\n<tr>\n<td class=\"thead\" colspan=\"6\">General Alarm<\/td>\n<\/tr>\n<tr>\n<td>General Alarm<\/td>\n<td colspan=\"5\">Motion, Tampering, Human Body Detection, Video Loss, Alarm Input<\/td>\n<\/tr>\n<tr>\n<td>Alert Alarm <\/td>\n<td colspan=\"5\">IP Conflict, Network Disconnected, Disk Offline , Disk Abnormal, Illegal Access, Hard Disk Space Low, Hard Disk Full, Recording\/Snapshot Abnormal<\/td>\n<\/tr>\n<tr>\n<td class=\"thead\" colspan=\"6\">External Interface<\/td>\n<\/tr>\n<tr>\n<td>Network Interface<\/td>\n<td colspan=\"5\">1 RJ45 10M\/100M self-adaptive Ethernet Interface<\/td>\n<\/tr>\n<tr>\n<td>USB Interface<\/td>\n<td colspan=\"5\">Rear panel\uff1a2 x USB2.0<\/td>\n<\/tr>\n<tr>\n<td>RS232<\/td>\n<td colspan=\"5\">NA<\/td>\n<\/tr>\n<tr>\n<td>RS485<\/td>\n<td colspan=\"5\">NA<\/td>\n<\/tr>\n<tr>\n<td>Alarm In<\/td>\n<td colspan=\"5\">NA<\/td>\n<\/tr>\n<tr>\n<td>Alarm Out<\/td>\n<td colspan=\"5\">NA<\/td>\n<\/tr>\n<tr>\n<td class=\"thead\" colspan=\"6\">Wi-Fi<\/td>\n<\/tr>\n<tr>\n<td>Frequency<\/td>\n<td colspan=\"5\">2.4GHz<\/td>\n<\/tr>\n<tr>\n<td>Transmission Rate<\/td>\n<td colspan=\"5\">150Mbps<\/td>\n<\/tr>\n<tr>\n<td>Wireless Standards<\/td>\n<td colspan=\"5\">IEEE 802.11b\/g\/n<\/td>\n<\/tr>\n<tr>\n<td class=\"thead\" colspan=\"6\">General<\/td>\n<\/tr>\n<tr>\n<td>Power Supply<\/td>\n<td colspan=\"5\">12V DC <br \/>Power Consumption: \u2264 9 W( without HDD )<\/td>\n<\/tr>\n<tr>\n<td>Working Environment<\/td>\n<td colspan=\"5\">-10\u00b0C ~ + 55\u00b0C ( +14\u00b0F ~ +131\u00b0F ), Humidity \u2264 90% RH(non-condensing)<\/td>\n<\/tr>\n<tr>\n<td>Dimensions(W\u00d7D\u00d7H)<\/td>\n<td colspan=\"5\">205mm \u00d7 205mm \u00d7 47mm (8.1&#8243; \u00d78.1&#8243;\u00d71.9&#8243;)<\/td>\n<\/tr>\n<tr>\n<td>Weight ( without HDD )<\/td>\n<td colspan=\"5\">\u22640.58Kg(1.28lb)<\/td>\n<\/tr>\n<tr>\n<td class=\"thead\" colspan=\"6\">Certification<\/td>\n<\/tr>\n<tr>\n<td>Certification<\/td>\n<td colspan=\"5\">UL<br \/>CE<br \/>FCC<br \/>RoHS<br \/>WEEE<\/td>\n<\/tr>\n<tr>\n<td class=\"thead\"><b>Model<\/b><\/td>\n<td class=\"thead\" colspan=\"5\"><b>IPC322LB-AF28WK-G<\/b><\/td>\n<\/tr>\n<tr>\n<td class=\"thead\" colspan=\"6\">Camera<\/td>\n<\/tr>\n<tr>\n<td>Sensor<\/td>\n<td colspan=\"5\">1\/2.9&#8243;, progressive scan , 2.0 megapixel, CMOS<\/td>\n<\/tr>\n<tr>\n<td>Min. Illumination<\/td>\n<td colspan=\"5\">Colour: 0.01Lux (F2.0, AGC ON)<br \/>0 Lux with IR<\/td>\n<\/tr>\n<tr>\n<td>Day\/Night<\/td>\n<td colspan=\"5\">IR-cut filter with auto switch (ICR)<\/td>\n<\/tr>\n<tr>\n<td>Shutter<\/td>\n<td colspan=\"5\">Auto\/Manual, 1~1\/100000 s<\/td>\n<\/tr>\n<tr>\n<td>Adjustment angle <\/td>\n<td colspan=\"5\">Pan: 0\u00b0~352\u00b0, Tilt: 0\u00b0~70\u00b0 , Rotate: 0\u00b0~350\u00b0<\/td>\n<\/tr>\n<tr>\n<td>S\/N<\/td>\n<td colspan=\"5\">&gt;52dB<\/td>\n<\/tr>\n<tr>\n<td>WDR<\/td>\n<td colspan=\"5\">DWDR<\/td>\n<\/tr>\n<tr>\n<td class=\"thead\" colspan=\"6\">Lens<\/td>\n<\/tr>\n<tr>\n<td>Lens Type<\/td>\n<td colspan=\"5\">2.8mm @2.0, Fixed-focal<\/td>\n<\/tr>\n<tr>\n<td>Lens Mount<\/td>\n<td colspan=\"5\">M12<\/td>\n<\/tr>\n<tr>\n<td>Angle of view(H)<\/td>\n<td colspan=\"5\">101.1\u00b0<\/td>\n<\/tr>\n<tr>\n<td>Angle of View (V)<\/td>\n<td colspan=\"5\">55.0\u00b0<\/td>\n<\/tr>\n<tr>\n<td>Angle of View (O)<\/td>\n<td colspan=\"5\">111.0\u00b0<\/td>\n<\/tr>\n<tr>\n<td class=\"thead\" colspan=\"6\">DORI<\/td>\n<\/tr>\n<tr>\n<td rowspan=\"2\">DORI Distance<\/td>\n<td>Lens<\/td>\n<td>Detect(m)<\/td>\n<td>Observe(m)<\/td>\n<td>Recognize(m)<\/td>\n<td>Identify(m)<\/td>\n<\/tr>\n<tr>\n<td>2.8mm<\/td>\n<td>45.0<\/td>\n<td>18.0<\/td>\n<td>9.0<\/td>\n<td>4.5<\/td>\n<\/tr>\n<tr>\n<td class=\"thead\" colspan=\"6\">Illuminator<\/td>\n<\/tr>\n<tr>\n<td>IR Range<\/td>\n<td colspan=\"5\">Up to 30m (98 ft) IR range<\/td>\n<\/tr>\n<tr>\n<td>Wavelength<\/td>\n<td colspan=\"5\">850nm<\/td>\n<\/tr>\n<tr>\n<td>IR On\/Off Control<\/td>\n<td colspan=\"5\">Auto\/Manual<\/td>\n<\/tr>\n<tr>\n<td class=\"thead\" colspan=\"6\">Video<\/td>\n<\/tr>\n<tr>\n<td>Video Compression<\/td>\n<td colspan=\"5\">Ultra 265, H.265, H.264, MJPEG<\/td>\n<\/tr>\n<tr>\n<td>H.264 code profile<\/td>\n<td colspan=\"5\">Baseline profile, Main profile, High profile<\/td>\n<\/tr>\n<tr>\n<td>Frame Rate<\/td>\n<td colspan=\"5\">Main Stream: 1080P (1920*1080), Max 30fps; 720P (1280*720), Max 30fps;<br \/>Sub Stream: 720P (1280*720), Max 30fps; D1 (720*576), Max 30fps; 640*360,Max 30fps; 2CIF(704*288), Max 30fps; CIF(352*288), Max 30fps;<\/td>\n<\/tr>\n<tr>\n<td>Video Bit Rate<\/td>\n<td colspan=\"5\">128 Kbps~6 Mbps<\/td>\n<\/tr>\n<tr>\n<td>OSD<\/td>\n<td colspan=\"5\">Up to 4 OSDs<\/td>\n<\/tr>\n<tr>\n<td>Privacy Mask<\/td>\n<td colspan=\"5\">Up to 4 areas<\/td>\n<\/tr>\n<tr>\n<td>ROI<\/td>\n<td colspan=\"5\">Up to 8 areas<\/td>\n<\/tr>\n<tr>\n<td>Motion Detection<\/td>\n<td colspan=\"5\">Up to 4 areas<\/td>\n<\/tr>\n<tr>\n<td class=\"thead\" colspan=\"6\">Image<\/td>\n<\/tr>\n<tr>\n<td>White Balance<\/td>\n<td colspan=\"5\">Auto\/Outdoor\/Fine Tune\/Sodium Lamp\/Locked\/Auto2<\/td>\n<\/tr>\n<tr>\n<td valign=\"top\">Image Setting<\/td>\n<td valign=\"top\" colspan=\"5\">Image rotation, brightness, saturation, contrast, sharpness, gain adjustable by web browser<\/td>\n<\/tr>\n<tr>\n<td>Digital noise reduction<\/td>\n<td colspan=\"5\">2D\/3D DNR<\/td>\n<\/tr>\n<tr>\n<td>Smart IR<\/td>\n<td colspan=\"5\">Supported<\/td>\n<\/tr>\n<tr>\n<td>Flip<\/td>\n<td colspan=\"5\">Normal\/Vertical\/Horizontal\/180\u00b0<\/td>\n<\/tr>\n<tr>\n<td>Dewarping<\/td>\n<td colspan=\"5\">N\/A<\/td>\n<\/tr>\n<tr>\n<td>HLC<\/td>\n<td colspan=\"5\">Supported<\/td>\n<\/tr>\n<tr>\n<td>BLC<\/td>\n<td colspan=\"5\">Supported<\/td>\n<\/tr>\n<tr>\n<td>Defog<\/td>\n<td colspan=\"5\">Digital Defog<\/td>\n<\/tr>\n<tr>\n<td class=\"thead\" colspan=\"6\">Events<\/td>\n<\/tr>\n<tr>\n<td>Basic Detection<\/td>\n<td colspan=\"5\">Human body detection, Motion detection, tampering alarm, audio detection<\/td>\n<\/tr>\n<tr>\n<td>General Function<\/td>\n<td colspan=\"5\">Watermark, IP address filtering, access policy, ARP protection, RTSP authentication, user authentication<\/td>\n<\/tr>\n<tr>\n<td class=\"thead\" colspan=\"6\">Audio<\/td>\n<\/tr>\n<tr>\n<td>Audio Compression<\/td>\n<td colspan=\"5\">G.711<\/td>\n<\/tr>\n<tr>\n<td>Suppression<\/td>\n<td colspan=\"5\">Supported<\/td>\n<\/tr>\n<tr>\n<td>Sampling Rate<\/td>\n<td colspan=\"5\">8KHZ<\/td>\n<\/tr>\n<tr>\n<td class=\"thead\" colspan=\"6\">Storage<\/td>\n<\/tr>\n<tr>\n<td>Edge Storage<\/td>\n<td colspan=\"5\">Micro SD, up to 128GB<\/td>\n<\/tr>\n<tr>\n<td>Network Storage<\/td>\n<td colspan=\"5\">ANR,NAS(NFS)<\/td>\n<\/tr>\n<tr>\n<td class=\"thead\" colspan=\"6\">Network<\/td>\n<\/tr>\n<tr>\n<td>Protocols<\/td>\n<td colspan=\"5\">IPv4, IGMP, ICMP, ARP, TCP, UDP, DHCP, RTP, RTSP, RTCP, RTMP, DNS, DDNS, NTP, FTP, UPnP, HTTP, HTTPS, SMTP, SSL\/TLS, SNMP<\/td>\n<\/tr>\n<tr>\n<td>Compatible Integration<\/td>\n<td colspan=\"5\">ONVIF (Profile S, Profile G, Profile T), API , SDK<\/td>\n<\/tr>\n<tr>\n<td valign=\"top\">Security<\/td>\n<td valign=\"top\" colspan=\"5\">Password protection, Strong password, HTTPS encryption, Export operation logs, Basic and digest authentication for RTSP, Digest authentication for HTTP, TLS 1.2, WSSE and digest authentication for ONVIF<\/td>\n<\/tr>\n<tr>\n<td>Client<\/td>\n<td colspan=\"5\">EZStation <br \/>EZView<br \/>EZLive<\/td>\n<\/tr>\n<tr>\n<td rowspan=\"2\">Web Browser<\/td>\n<td colspan=\"5\">Plug-in required live view: IE9+, Chrome 41 and below, Firefox 52 and below<\/td>\n<\/tr>\n<tr>\n<td colspan=\"5\">Plug-in free live view: Chorme 57.0+, Firefox 58.0+, Edge 16+<\/td>\n<\/tr>\n<tr>\n<td class=\"thead\" colspan=\"6\">Wi-Fi<\/td>\n<\/tr>\n<tr>\n<td>Wireless Standards<\/td>\n<td colspan=\"5\">IEEE802.11b\/g\/n<\/td>\n<\/tr>\n<tr>\n<td>Frequency Range<\/td>\n<td colspan=\"5\">2.4&nbsp;GHz&nbsp;~&nbsp;2.4835&nbsp;GHz<\/td>\n<\/tr>\n<tr>\n<td>Channel Bandwidth<\/td>\n<td colspan=\"5\">20 MHz&nbsp;Support<\/td>\n<\/tr>\n<tr>\n<td>Modulation Mode<\/td>\n<td colspan=\"5\">802.11b:&nbsp;CCK,&nbsp;QPSK,&nbsp;BPSK<br \/>802.11g\/n:&nbsp;OFDM\/HT<\/td>\n<\/tr>\n<tr>\n<td>Security<\/td>\n<td colspan=\"5\">64\/128-bit&nbsp;WEP,&nbsp;WPA-PSK\/WPA2-PSK<\/td>\n<\/tr>\n<tr>\n<td>Transmit Power<\/td>\n<td colspan=\"5\">802.11b:&nbsp;17\u00b11.5dBm @11Mbps<br \/>802.11g:&nbsp;14\u00b11.5dBm&nbsp;@54Mbps<br \/>802.11n:&nbsp;12.5\u00b11.5dBm @150Mbps<\/td>\n<\/tr>\n<tr>\n<td>Receive Sensitivity<\/td>\n<td colspan=\"5\">802.11b:&nbsp;-90dBm&nbsp;@11Mbps&nbsp;(Typical)<br \/>802.11g:&nbsp;-75dBm&nbsp;@54Mbps&nbsp;(Typical)<br \/>802.11n:&nbsp;-74dBm&nbsp;@150Mbps(Typical)<\/td>\n<\/tr>\n<tr>\n<td>Transmission Rate<\/td>\n<td colspan=\"5\">802.11b:&nbsp;11Mbps<br \/>802.11g:&nbsp;54Mbps<br \/>802.11n:&nbsp;up&nbsp;to&nbsp;150Mbps<\/td>\n<\/tr>\n<tr>\n<td class=\"thead\" colspan=\"6\">Interface<\/td>\n<\/tr>\n<tr>\n<td>Network<\/td>\n<td colspan=\"5\">1 * RJ45 10M\/100M Base-TX Ethernet<\/td>\n<\/tr>\n<tr>\n<td>Built-in Mic<\/td>\n<td colspan=\"5\">Supported<\/td>\n<\/tr>\n<tr>\n<td class=\"thead\" colspan=\"6\">Certification<\/td>\n<\/tr>\n<tr>\n<td>EMC<\/td>\n<td colspan=\"5\">FCC: FCC Part 15<\/td>\n<\/tr>\n<tr>\n<td>Safety<\/td>\n<td colspan=\"5\">CE: EN 60950-1<br \/>UL: UL60950-1<br \/>IEC 60950-1<\/td>\n<\/tr>\n<tr>\n<td class=\"thead\" colspan=\"6\">General<\/td>\n<\/tr>\n<tr>\n<td rowspan=\"2\">Power<\/td>\n<td colspan=\"5\">DC 12V\u00b125%<\/td>\n<\/tr>\n<tr>\n<td colspan=\"5\">Power consumption: Max 4.0W<\/td>\n<\/tr>\n<tr>\n<td valign=\"top\">Power Interface <\/td>\n<td valign=\"top\" colspan=\"5\">\u00d8 5.5mm coaxial power plug<\/td>\n<\/tr>\n<tr>\n<td>Dimensions (\u00d8 x H)<\/td>\n<td colspan=\"5\">\u03a6109 x 83 mm (\u00d84.29\u201d x 3.3\u201d)<\/td>\n<\/tr>\n<tr>\n<td>Weight<\/td>\n<td colspan=\"5\">0.32 kg (0.71 lb)<\/td>\n<\/tr>\n<tr>\n<td>Material<\/td>\n<td colspan=\"5\">Metal + Plastic<\/td>\n<\/tr>\n<tr>\n<td>Working Environment<\/td>\n<td colspan=\"5\">-30\u00b0C ~ +60\u00b0C (-22\u00b0F ~ 140\u00b0F), Humidity:\u226495% RH(non-condensing)<\/td>\n<\/tr>\n<tr>\n<td>Strorage Environment<\/td>\n<td colspan=\"5\">-30\u00b0C ~ +60\u00b0C (-22\u00b0F ~ 140\u00b0F), Humidity:\u226495% RH(non-condensing)<\/td>\n<\/tr>\n<tr>\n<td>Surge Protection<\/td>\n<td colspan=\"5\">4KV<\/td>\n<\/tr>\n<tr>\n<td>Reset Button<\/td>\n<td colspan=\"5\">Supported<\/td>\n<\/tr>\n<tr>\n<td>Ingress Protection<\/td>\n<td colspan=\"5\">Ingression protection: IP67<br \/>Vandal resistant: IK10<\/td>\n<\/tr>\n<\/tbody>\n<\/table>\n","protected":false},"excerpt":{"rendered":"<p>\n  NVR301-04LS3-W\n<\/p>\n<ul>\n<li>\n    Embedded WiFi Module with high-performance and high stability\n  <\/li>\n<li>\n    Support CCMP encryption and WPA2-PSK authentication, Support IP cameras with WiFi in access\n  <\/li>\n<li>\n    Support Ultra 265\/H.265\/H.264 video formats\n  <\/li>\n<li>\n    4-channel input\n  <\/li>\n<li>\n    Support mainstream cameras of ONVIF conformance(Profile S, Profile G, Profile T ) and RTSP protocols\n  <\/li>\n<li>\n    Support 1-ch HDMI, 1-ch VGA\n  <\/li>\n<li>\n    HDMI and VGA synchronous outputs provided\n  <\/li>\n<li>\n    Up to 1080P resolution recording\n  <\/li>\n<li>\n    1 SATA HDD, Up to 6TB for each HDD\n  <\/li>\n<li>\n    Support cloud upgrade\n  <\/li>\n<\/ul>\n<p>\n  IPC322LB-ABF28WK-G\n<\/p>\n<ul>\n<li>\n    High quality image with 2MP, 1\/2.9&#8243;CMOS sensor\n  <\/li>\n<li>\n    2MP (1920*1080)@30\/25fps; 720P (1280*720)@30\/25fps\n  <\/li>\n<li>\n    Ultra 265, H.265, H.264, MJPEG\n  <\/li>\n<li>\n    Built-in Mic\n  <\/li>\n<li>\n    Smart IR, up to 30m (98ft) IR distance\n  <\/li>\n<li>\n    Supports 128 G Micro SD card\n  <\/li>\n<li>\n    IK10 vandal resistant\n  <\/li>\n<li>\n    IP67 protection\n  <\/li>\n<li>\n    3-Axis\n  <\/li>\n<\/ul>\n","protected":false},"featured_media":27434,"template":"","meta":[],"product_cat":[283,284,285],"product_tag":[],"_links":{"self":[{"href":"https:\/\/beta.b2bunv.com.ua\/index.php?rest_route=\/wp\/v2\/product\/27339"}],"collection":[{"href":"https:\/\/beta.b2bunv.com.ua\/index.php?rest_route=\/wp\/v2\/product"}],"about":[{"href":"https:\/\/beta.b2bunv.com.ua\/index.php?rest_route=\/wp\/v2\/types\/product"}],"version-history":[{"count":1,"href":"https:\/\/beta.b2bunv.com.ua\/index.php?rest_route=\/wp\/v2\/product\/27339\/revisions"}],"predecessor-version":[{"id":27435,"href":"https:\/\/beta.b2bunv.com.ua\/index.php?rest_route=\/wp\/v2\/product\/27339\/revisions\/27435"}],"wp:featuredmedia":[{"embeddable":true,"href":"https:\/\/beta.b2bunv.com.ua\/index.php?rest_route=\/wp\/v2\/media\/27434"}],"wp:attachment":[{"href":"https:\/\/beta.b2bunv.com.ua\/index.php?rest_route=%2Fwp%2Fv2%2Fmedia&parent=27339"}],"wp:term":[{"taxonomy":"product_cat","embeddable":true,"href":"https:\/\/beta.b2bunv.com.ua\/index.php?rest_route=%2Fwp%2Fv2%2Fproduct_cat&post=27339"},{"taxonomy":"product_tag","embeddable":true,"href":"https:\/\/beta.b2bunv.com.ua\/index.php?rest_route=%2Fwp%2Fv2%2Fproduct_tag&post=27339"}],"curies":[{"name":"wp","href":"https:\/\/api.w.org\/{rel}","templated":true}]}}