{"id":27499,"date":"2024-02-21T00:27:25","date_gmt":"2024-02-20T22:27:25","guid":{"rendered":"https:\/\/beta.b2bunv.com.ua\/?post_type=product&#038;p=27499"},"modified":"2024-02-21T00:27:36","modified_gmt":"2024-02-20T22:27:36","slug":"unicorn","status":"publish","type":"product","link":"https:\/\/beta.b2bunv.com.ua\/?product=unicorn","title":{"rendered":"Unicorn"},"content":{"rendered":"<table width=\"100%\">\n<thead>\n<tr>\n<td class=\"thead\" width=\"30%\" colspan=\"2\"><b>Item<\/b><\/td>\n<td class=\"thead\" width=\"70%\"><b>Unicorn<\/b><\/td>\n<\/tr>\n<\/thead>\n<tbody>\n<tr>\n<td rowspan=\"10\">Video management<\/td>\n<td>Number of connected<br \/>cameras per server<\/td>\n<td>1000 devices or 2000 channels<br \/>1000 devices connected via Onvif<\/td>\n<\/tr>\n<tr>\n<td>Number of connected face recognition terminals<\/td>\n<td>128<\/td>\n<\/tr>\n<tr>\n<td>Image processing performance<\/td>\n<td>Receive vehicle or face images: 100 images per second<br \/><i>Note: For example, if each device uploads 1 image per second, then 100 devices can be connected; if each device uploads 5 images per second, then 20 devices can be connected<\/i><\/td>\n<\/tr>\n<tr>\n<td>Device management<\/td>\n<td>IPC, NVR, face recognition terminal, decoder(standard\/expanded), network keyboard, cloud devices, alarm control panel and door access control<\/td>\n<\/tr>\n<tr>\n<td>Number of 3rd-party alarm control panels\/access control devices<\/td>\n<td>30<\/td>\n<\/tr>\n<tr>\n<td>Numbers of users<\/td>\n<td>1000<\/td>\n<\/tr>\n<tr>\n<td>Numbers of online users<\/td>\n<td>300<\/td>\n<\/tr>\n<tr>\n<td>Numbers of roles per user<\/td>\n<td>16<\/td>\n<\/tr>\n<tr>\n<td>Bandwidth of video<br \/>input per server<\/td>\n<td>512Mbps<\/td>\n<\/tr>\n<tr>\n<td>Bandwidth of video<br \/>output per server<\/td>\n<td>384Mbps<\/td>\n<\/tr>\n<tr>\n<td rowspan=\"8\">Decoding<\/td>\n<td>Video compression<\/td>\n<td>Ultra265, H.265, H.264<\/td>\n<\/tr>\n<tr>\n<td>Decoding <\/td>\n<td>4\u00d74K@30, 16\u00d71080p@30, 36\u00d7720p@30, 64\u00d7D1<\/td>\n<\/tr>\n<tr>\n<td>Resolution<\/td>\n<td>12MP\/8MP\/6MP\/5MP\/4MP\/3MP\/1080P\/960P\/720P\/960H\/D1\/2CIF\/CIF\/QCIF<\/td>\n<\/tr>\n<tr>\n<td>Display on video wall<\/td>\n<td>HDMI(\u00d72) and VGA(\u00d71) output; HDMI output supports 4K resolution<\/td>\n<\/tr>\n<tr>\n<td>Audio compression<\/td>\n<td>G.711A, G.711\u03bc<\/td>\n<\/tr>\n<tr>\n<td>Decoding card<br \/>&nbsp;(optional)<\/td>\n<td>Max 2 cards supported; models: HDMI4-C and HDMI6-C<\/td>\n<\/tr>\n<tr>\n<td>HDMI4-C decoding card<\/td>\n<td>4-ch HDMI outputs, with decoding of 4*4K@60 or 8*4K@30 or 32*1080P@30 or 64*720P@30<\/td>\n<\/tr>\n<tr>\n<td>HDMI6-C decoding card<\/td>\n<td>6-ch HDMI outputs, with decoding of 6*4K@60 or 12*4K@30 or 48*1080P@30 or 96*720P@30<\/td>\n<\/tr>\n<tr>\n<td rowspan=\"6\">Storage<\/td>\n<td>HDD installation<\/td>\n<td>Hot-swappable HDDs<br \/>Support 16HDDs (3.5&#8243;, up to 14TB for each )<\/td>\n<\/tr>\n<tr>\n<td>RAID mode<\/td>\n<td>RAID0, RAID1, RAID5,RAID6,RAID10,RAID50,RAID60<\/td>\n<\/tr>\n<tr>\n<td>Performance of video storage per server<\/td>\n<td>512Mbps\/ 256 channels<\/td>\n<\/tr>\n<tr>\n<td>Disk enclosure <br \/>(optional)<\/td>\n<td>Max 2 disk enclosures supported; models: DEU1008 and DEU1016<\/td>\n<\/tr>\n<tr>\n<td>DEU1008 disk enclosure<\/td>\n<td>8xSATA interfaces, up to 14TB storage per interface <\/td>\n<\/tr>\n<tr>\n<td>DEU1016 disk enclosure<\/td>\n<td>16xSATA interfaces, up to 14TB storage per interface<\/td>\n<\/tr>\n<tr>\n<td colspan=\"2\">Play control<\/td>\n<td>1 \/ 3 \/ 4 \/ 5 \/ 6 \/ 7 \/ 8 \/ 9 \/ 10 \/ 13 \/ 16 \/ 17 \/ 25 \/ 32 \/ 36 \/ 64 window display<br \/>Corridor format<br \/>Up to 3 auxiliary monitors<\/td>\n<\/tr>\n<tr>\n<td colspan=\"2\">Playback<\/td>\n<td>Play NVR recordings<br \/>Up to 24 channels for multiple clients; synchronous playback up to 16 channels for single client<\/td>\n<\/tr>\n<tr>\n<td rowspan=\"7\">Data Info<\/td>\n<td>Alarm Records<\/td>\n<td>200,000<\/td>\n<\/tr>\n<tr>\n<td>Operation logs<\/td>\n<td>200,000<\/td>\n<\/tr>\n<tr>\n<td>Face capture records<\/td>\n<td>3 million<\/td>\n<\/tr>\n<tr>\n<td>Face alarm records<\/td>\n<td>3 million<\/td>\n<\/tr>\n<tr>\n<td>Vehicle pass-through records<\/td>\n<td>3 million<\/td>\n<\/tr>\n<tr>\n<td>Structured motor vehicle, non-motor vehicle and pedestrian records<\/td>\n<td>3 million<\/td>\n<\/tr>\n<tr>\n<td>Access control entry\/exit records<\/td>\n<td>3 million<\/td>\n<\/tr>\n<tr>\n<td colspan=\"2\">Alarm processing capacity<\/td>\n<td>100\/s<\/td>\n<\/tr>\n<tr>\n<td rowspan=\"3\">System<\/td>\n<td>Main Processor<\/td>\n<td>Intel(R) CPU <\/td>\n<\/tr>\n<tr>\n<td>Memory<\/td>\n<td>4GB DDR3L<\/td>\n<\/tr>\n<tr>\n<td>Power supply<\/td>\n<td>100-240 VAC (with power on\/off switch)<br \/>Dual-power redundancy<\/td>\n<\/tr>\n<tr>\n<td rowspan=\"9\">Interface<\/td>\n<td>Network<\/td>\n<td>4\u00d710M\/100M\/1000M Base-T adaptive Ethernet interfaces<br \/>2\u00d71000M SFP optical interfaces<\/td>\n<\/tr>\n<tr>\n<td>USB<\/td>\n<td>4\u00d7USB3.0<\/td>\n<\/tr>\n<tr>\n<td>HDMI<\/td>\n<td>2\u00d7HDMI<\/td>\n<\/tr>\n<tr>\n<td>VGA<\/td>\n<td>1\u00d7VGA<\/td>\n<\/tr>\n<tr>\n<td>Serial<\/td>\n<td>1\u00d7RS-232 (RJ45), 1\u00d7RS-485 (RJ45) <\/td>\n<\/tr>\n<tr>\n<td>Alarm input\/output<\/td>\n<td>24\u00d7alarm inputs, 8\u00d7alarm outputs<\/td>\n<\/tr>\n<tr>\n<td>Power output<\/td>\n<td>12 V DC<\/td>\n<\/tr>\n<tr>\n<td>Audio alarm<\/td>\n<td>Buzzer<\/td>\n<\/tr>\n<tr>\n<td>Expansion<\/td>\n<td>1\u00d7eSATA interface<br \/>2\u00d7miniSAS interfaces<br \/>2\u00d7decoding cards<\/td>\n<\/tr>\n<tr>\n<td rowspan=\"5\">Others<\/td>\n<td>Power consumption<\/td>\n<td>\u2264 50W (not including HDD)<br \/>\u2264 165W (including HDD)<\/td>\n<\/tr>\n<tr>\n<td>Operating temperature<\/td>\n<td>-10\u00b0C to 55\u00b0C (14\u00b0F to 131\u00b0F)<\/td>\n<\/tr>\n<tr>\n<td>Operating humidity<\/td>\n<td>10% to 90% (noncondensing)<\/td>\n<\/tr>\n<tr>\n<td>Weight<\/td>\n<td>\u2264 10.0 Kg<\/td>\n<\/tr>\n<tr>\n<td>Dimensions<br \/>(D\u00d7W\u00d7H)<\/td>\n<td>Height: 3U, support mounting in standard 19&#8243; cabinet<br \/>&nbsp;477.1 mm \u00d7 481.6 mm \u00d7 130.5 mm (18.8&#8217;\u00d719&#8217;\u00d75.1&#8242;) (including front panel)<\/td>\n<\/tr>\n<\/tbody>\n<\/table>\n","protected":false},"excerpt":{"rendered":"<ul>\n<li>\n     Third-part IP Cameras supported with standard ONVIF\n  <\/li>\n<li>\n     Support for mobile clients (iOS &amp; Android) access\n  <\/li>\n<li>\n     Up to 1000 device\/2000 channels connections\n  <\/li>\n<li>\n     Unified management of NVR, IPC, decoder, network keyboard and cloud devices\n  <\/li>\n<li>\n     16 SATA HDDs\uff0cUp to 14TB each HDD\n  <\/li>\n<li>\n     16\u00d71080P decoding outputs in 3 screens\n  <\/li>\n<li>\n     Support for live view, playback, sequence, video wall, E-map, two-way audio, alarm plan\n  <\/li>\n<li>\n     Support of network fault tolerance, multi-IP configuration and load balancing\n  <\/li>\n<\/ul>\n","protected":false},"featured_media":27547,"template":"","meta":[],"product_cat":[195],"product_tag":[],"_links":{"self":[{"href":"https:\/\/beta.b2bunv.com.ua\/index.php?rest_route=\/wp\/v2\/product\/27499"}],"collection":[{"href":"https:\/\/beta.b2bunv.com.ua\/index.php?rest_route=\/wp\/v2\/product"}],"about":[{"href":"https:\/\/beta.b2bunv.com.ua\/index.php?rest_route=\/wp\/v2\/types\/product"}],"version-history":[{"count":1,"href":"https:\/\/beta.b2bunv.com.ua\/index.php?rest_route=\/wp\/v2\/product\/27499\/revisions"}],"predecessor-version":[{"id":27548,"href":"https:\/\/beta.b2bunv.com.ua\/index.php?rest_route=\/wp\/v2\/product\/27499\/revisions\/27548"}],"wp:featuredmedia":[{"embeddable":true,"href":"https:\/\/beta.b2bunv.com.ua\/index.php?rest_route=\/wp\/v2\/media\/27547"}],"wp:attachment":[{"href":"https:\/\/beta.b2bunv.com.ua\/index.php?rest_route=%2Fwp%2Fv2%2Fmedia&parent=27499"}],"wp:term":[{"taxonomy":"product_cat","embeddable":true,"href":"https:\/\/beta.b2bunv.com.ua\/index.php?rest_route=%2Fwp%2Fv2%2Fproduct_cat&post=27499"},{"taxonomy":"product_tag","embeddable":true,"href":"https:\/\/beta.b2bunv.com.ua\/index.php?rest_route=%2Fwp%2Fv2%2Fproduct_tag&post=27499"}],"curies":[{"name":"wp","href":"https:\/\/api.w.org\/{rel}","templated":true}]}}