{"id":27649,"date":"2024-02-21T00:28:01","date_gmt":"2024-02-20T22:28:01","guid":{"rendered":"https:\/\/beta.b2bunv.com.ua\/?post_type=product&#038;p=27649"},"modified":"2024-02-21T00:28:08","modified_gmt":"2024-02-20T22:28:08","slug":"tr-um06-e-in","status":"publish","type":"product","link":"https:\/\/beta.b2bunv.com.ua\/?product=tr-um06-e-in","title":{"rendered":"TR-UM06-E-IN"},"content":{"rendered":"<table width=\"100%\">\n<tbody>\n<tr>\n<td class=\"thead\" width=\"30%\">Bracket<\/td>\n<td class=\"thead\" width=\"70%\">TR-UM06-E-IN<\/td>\n<\/tr>\n<tr>\n<td valign=\"top\">Application<\/td>\n<td valign=\"top\">Indoor, incline installation for fixed dome<\/td>\n<\/tr>\n<tr>\n<td>Dimensions<\/td>\n<td>\u00d8108.0 \u00d7 24.2mm (\u00d84.25\u201d \u00d7 0.95\u201d)<\/td>\n<\/tr>\n<tr>\n<td>Weight<\/td>\n<td>0.04kg (0.1lb)<\/td>\n<\/tr>\n<tr>\n<td>Material<\/td>\n<td>Plastic<\/td>\n<\/tr>\n<\/tbody>\n<\/table>\n","protected":false},"excerpt":{"rendered":"<p>Bracket TR-UM06-E-IN Application Indoor, incline installation for fixed dome Dimensions \u00d8108.0 \u00d7 24.2mm (\u00d84.25\u201d \u00d7 0.95\u201d) Weight 0.04kg (0.1lb) Material<\/p>\n","protected":false},"featured_media":27688,"template":"","meta":[],"product_cat":[20,305,307],"product_tag":[],"_links":{"self":[{"href":"https:\/\/beta.b2bunv.com.ua\/index.php?rest_route=\/wp\/v2\/product\/27649"}],"collection":[{"href":"https:\/\/beta.b2bunv.com.ua\/index.php?rest_route=\/wp\/v2\/product"}],"about":[{"href":"https:\/\/beta.b2bunv.com.ua\/index.php?rest_route=\/wp\/v2\/types\/product"}],"version-history":[{"count":1,"href":"https:\/\/beta.b2bunv.com.ua\/index.php?rest_route=\/wp\/v2\/product\/27649\/revisions"}],"predecessor-version":[{"id":27689,"href":"https:\/\/beta.b2bunv.com.ua\/index.php?rest_route=\/wp\/v2\/product\/27649\/revisions\/27689"}],"wp:featuredmedia":[{"embeddable":true,"href":"https:\/\/beta.b2bunv.com.ua\/index.php?rest_route=\/wp\/v2\/media\/27688"}],"wp:attachment":[{"href":"https:\/\/beta.b2bunv.com.ua\/index.php?rest_route=%2Fwp%2Fv2%2Fmedia&parent=27649"}],"wp:term":[{"taxonomy":"product_cat","embeddable":true,"href":"https:\/\/beta.b2bunv.com.ua\/index.php?rest_route=%2Fwp%2Fv2%2Fproduct_cat&post=27649"},{"taxonomy":"product_tag","embeddable":true,"href":"https:\/\/beta.b2bunv.com.ua\/index.php?rest_route=%2Fwp%2Fv2%2Fproduct_tag&post=27649"}],"curies":[{"name":"wp","href":"https:\/\/api.w.org\/{rel}","templated":true}]}}