{"id":27655,"date":"2024-02-21T00:28:02","date_gmt":"2024-02-20T22:28:02","guid":{"rendered":"https:\/\/beta.b2bunv.com.ua\/?post_type=product&#038;p=27655"},"modified":"2024-02-21T00:28:11","modified_gmt":"2024-02-20T22:28:11","slug":"tr-jb03-g-in","status":"publish","type":"product","link":"https:\/\/beta.b2bunv.com.ua\/?product=tr-jb03-g-in","title":{"rendered":"TR-JB03-G-IN"},"content":{"rendered":"<table width=\"100%\">\n<tbody>\n<tr>\n<td class=\"thead\" width=\"30%\">Bracket<\/td>\n<td class=\"thead\" width=\"70%\">TR-JB03-G-IN<\/td>\n<\/tr>\n<tr>\n<td valign=\"top\">Application<\/td>\n<td valign=\"top\">Junction box for IPC32X, IPC31X and IPCD1XX series fixed dome<\/td>\n<\/tr>\n<tr>\n<td>Dimensions<\/td>\n<td>\u00d8108.6 \u00d7 36mm (\u00d84.28\u201d \u00d7 1.42\u201d)<\/td>\n<\/tr>\n<tr>\n<td>Weight<\/td>\n<td>0.2kg (0.44lb)<\/td>\n<\/tr>\n<tr>\n<td>Material<\/td>\n<td>Aluminum alloy<\/td>\n<\/tr>\n<\/tbody>\n<\/table>\n","protected":false},"excerpt":{"rendered":"<p>Bracket TR-JB03-G-IN Application Junction box for IPC32X, IPC31X and IPCD1XX series fixed dome Dimensions \u00d8108.6 \u00d7 36mm (\u00d84.28\u201d \u00d7 1.42\u201d)<\/p>\n","protected":false},"featured_media":27700,"template":"","meta":[],"product_cat":[20,305,307],"product_tag":[],"_links":{"self":[{"href":"https:\/\/beta.b2bunv.com.ua\/index.php?rest_route=\/wp\/v2\/product\/27655"}],"collection":[{"href":"https:\/\/beta.b2bunv.com.ua\/index.php?rest_route=\/wp\/v2\/product"}],"about":[{"href":"https:\/\/beta.b2bunv.com.ua\/index.php?rest_route=\/wp\/v2\/types\/product"}],"version-history":[{"count":1,"href":"https:\/\/beta.b2bunv.com.ua\/index.php?rest_route=\/wp\/v2\/product\/27655\/revisions"}],"predecessor-version":[{"id":27701,"href":"https:\/\/beta.b2bunv.com.ua\/index.php?rest_route=\/wp\/v2\/product\/27655\/revisions\/27701"}],"wp:featuredmedia":[{"embeddable":true,"href":"https:\/\/beta.b2bunv.com.ua\/index.php?rest_route=\/wp\/v2\/media\/27700"}],"wp:attachment":[{"href":"https:\/\/beta.b2bunv.com.ua\/index.php?rest_route=%2Fwp%2Fv2%2Fmedia&parent=27655"}],"wp:term":[{"taxonomy":"product_cat","embeddable":true,"href":"https:\/\/beta.b2bunv.com.ua\/index.php?rest_route=%2Fwp%2Fv2%2Fproduct_cat&post=27655"},{"taxonomy":"product_tag","embeddable":true,"href":"https:\/\/beta.b2bunv.com.ua\/index.php?rest_route=%2Fwp%2Fv2%2Fproduct_tag&post=27655"}],"curies":[{"name":"wp","href":"https:\/\/api.w.org\/{rel}","templated":true}]}}