{"id":27659,"date":"2024-02-21T00:28:02","date_gmt":"2024-02-20T22:28:02","guid":{"rendered":"https:\/\/beta.b2bunv.com.ua\/?post_type=product&#038;p=27659"},"modified":"2024-02-21T00:28:13","modified_gmt":"2024-02-20T22:28:13","slug":"tr-jb03-i-in","status":"publish","type":"product","link":"https:\/\/beta.b2bunv.com.ua\/?product=tr-jb03-i-in","title":{"rendered":"TR-JB03-I-IN"},"content":{"rendered":"<table width=\"100%\">\n<tbody>\n<tr>\n<td class=\"thead\" width=\"30%\">Bracket<\/td>\n<td class=\"thead\" width=\"70%\">TR-JB03-I-IN<\/td>\n<\/tr>\n<tr>\n<td valign=\"top\">Application<\/td>\n<td valign=\"top\">Wall installation for IPC36XXL and IPCT1XX Series fixed dome<\/td>\n<\/tr>\n<tr>\n<td>Dimensions<\/td>\n<td>\u00d8117.8 \u00d7 36mm (\u00d84.64\u201d \u00d7 1.42\u201d)<\/td>\n<\/tr>\n<tr>\n<td>Weight<\/td>\n<td>0.2kg (0.44lb)<\/td>\n<\/tr>\n<tr>\n<td>Material<\/td>\n<td>Aluminum alloy<\/td>\n<\/tr>\n<\/tbody>\n<\/table>\n","protected":false},"excerpt":{"rendered":"<p>Bracket TR-JB03-I-IN Application Wall installation for IPC36XXL and IPCT1XX Series fixed dome Dimensions \u00d8117.8 \u00d7 36mm (\u00d84.64\u201d \u00d7 1.42\u201d) Weight<\/p>\n","protected":false},"featured_media":27708,"template":"","meta":[],"product_cat":[20,305,307],"product_tag":[],"_links":{"self":[{"href":"https:\/\/beta.b2bunv.com.ua\/index.php?rest_route=\/wp\/v2\/product\/27659"}],"collection":[{"href":"https:\/\/beta.b2bunv.com.ua\/index.php?rest_route=\/wp\/v2\/product"}],"about":[{"href":"https:\/\/beta.b2bunv.com.ua\/index.php?rest_route=\/wp\/v2\/types\/product"}],"version-history":[{"count":1,"href":"https:\/\/beta.b2bunv.com.ua\/index.php?rest_route=\/wp\/v2\/product\/27659\/revisions"}],"predecessor-version":[{"id":27709,"href":"https:\/\/beta.b2bunv.com.ua\/index.php?rest_route=\/wp\/v2\/product\/27659\/revisions\/27709"}],"wp:featuredmedia":[{"embeddable":true,"href":"https:\/\/beta.b2bunv.com.ua\/index.php?rest_route=\/wp\/v2\/media\/27708"}],"wp:attachment":[{"href":"https:\/\/beta.b2bunv.com.ua\/index.php?rest_route=%2Fwp%2Fv2%2Fmedia&parent=27659"}],"wp:term":[{"taxonomy":"product_cat","embeddable":true,"href":"https:\/\/beta.b2bunv.com.ua\/index.php?rest_route=%2Fwp%2Fv2%2Fproduct_cat&post=27659"},{"taxonomy":"product_tag","embeddable":true,"href":"https:\/\/beta.b2bunv.com.ua\/index.php?rest_route=%2Fwp%2Fv2%2Fproduct_tag&post=27659"}],"curies":[{"name":"wp","href":"https:\/\/api.w.org\/{rel}","templated":true}]}}