{"id":27724,"date":"2024-02-21T00:28:17","date_gmt":"2024-02-20T22:28:17","guid":{"rendered":"https:\/\/beta.b2bunv.com.ua\/?post_type=product&#038;p=27724"},"modified":"2024-02-21T00:28:18","modified_gmt":"2024-02-20T22:28:18","slug":"tr-cm24-in","status":"publish","type":"product","link":"https:\/\/beta.b2bunv.com.ua\/?product=tr-cm24-in","title":{"rendered":"TR-CM24-IN"},"content":{"rendered":"<table width=\"100%\">\n<tbody>\n<tr>\n<td class=\"thead\" width=\"30%\">Bracket<\/td>\n<td class=\"thead\" width=\"70%\">TR-CM24-IN<\/td>\n<\/tr>\n<tr>\n<td valign=\"top\">Application<\/td>\n<td valign=\"top\">Wall installation for IPC323X and IPCD1XX Series fixed dome<\/td>\n<\/tr>\n<tr>\n<td>Dimensions<\/td>\n<td>\u00d8110 \u00d7 223.5mm (\u00d84.33\u201d \u00d7 8.80\u201d)<\/td>\n<\/tr>\n<tr>\n<td>Weight<\/td>\n<td>0.25kg (0.55lb)<\/td>\n<\/tr>\n<tr>\n<td>Material<\/td>\n<td>Aluminum alloy<\/td>\n<\/tr>\n<\/tbody>\n<\/table>\n","protected":false},"excerpt":{"rendered":"<p>Bracket TR-CM24-IN Application Wall installation for IPC323X and IPCD1XX Series fixed dome Dimensions \u00d8110 \u00d7 223.5mm (\u00d84.33\u201d \u00d7 8.80\u201d) Weight<\/p>\n","protected":false},"featured_media":27754,"template":"","meta":[],"product_cat":[20,305,307],"product_tag":[],"_links":{"self":[{"href":"https:\/\/beta.b2bunv.com.ua\/index.php?rest_route=\/wp\/v2\/product\/27724"}],"collection":[{"href":"https:\/\/beta.b2bunv.com.ua\/index.php?rest_route=\/wp\/v2\/product"}],"about":[{"href":"https:\/\/beta.b2bunv.com.ua\/index.php?rest_route=\/wp\/v2\/types\/product"}],"version-history":[{"count":1,"href":"https:\/\/beta.b2bunv.com.ua\/index.php?rest_route=\/wp\/v2\/product\/27724\/revisions"}],"predecessor-version":[{"id":27755,"href":"https:\/\/beta.b2bunv.com.ua\/index.php?rest_route=\/wp\/v2\/product\/27724\/revisions\/27755"}],"wp:featuredmedia":[{"embeddable":true,"href":"https:\/\/beta.b2bunv.com.ua\/index.php?rest_route=\/wp\/v2\/media\/27754"}],"wp:attachment":[{"href":"https:\/\/beta.b2bunv.com.ua\/index.php?rest_route=%2Fwp%2Fv2%2Fmedia&parent=27724"}],"wp:term":[{"taxonomy":"product_cat","embeddable":true,"href":"https:\/\/beta.b2bunv.com.ua\/index.php?rest_route=%2Fwp%2Fv2%2Fproduct_cat&post=27724"},{"taxonomy":"product_tag","embeddable":true,"href":"https:\/\/beta.b2bunv.com.ua\/index.php?rest_route=%2Fwp%2Fv2%2Fproduct_tag&post=27724"}],"curies":[{"name":"wp","href":"https:\/\/api.w.org\/{rel}","templated":true}]}}