{"id":27739,"date":"2024-02-21T00:28:17","date_gmt":"2024-02-20T22:28:17","guid":{"rendered":"https:\/\/beta.b2bunv.com.ua\/?post_type=product&#038;p=27739"},"modified":"2024-02-21T00:28:25","modified_gmt":"2024-02-20T22:28:25","slug":"tr-a01-in","status":"publish","type":"product","link":"https:\/\/beta.b2bunv.com.ua\/?product=tr-a01-in","title":{"rendered":"TR-A01-IN"},"content":{"rendered":"<table width=\"100%\">\n<tbody>\n<tr>\n<td class=\"thead\" width=\"30%\">Bracket<\/td>\n<td class=\"thead\" width=\"70%\">TR-A01-IN<\/td>\n<\/tr>\n<tr>\n<td valign=\"top\">Application<\/td>\n<td valign=\"top\">Indoor and outdoor<\/td>\n<\/tr>\n<tr>\n<td>Dimensions<\/td>\n<td>\u00d837 \u00d7 46mm (\u00d81.46\u201d \u00d7 1.81\u201d)<\/td>\n<\/tr>\n<tr>\n<td>Weight<\/td>\n<td>0.023kg(0.05lb)<\/td>\n<\/tr>\n<tr>\n<td>Material<\/td>\n<td>Plastic<\/td>\n<\/tr>\n<\/tbody>\n<\/table>\n","protected":false},"excerpt":{"rendered":"<p>Bracket TR-A01-IN Application Indoor and outdoor Dimensions \u00d837 \u00d7 46mm (\u00d81.46\u201d \u00d7 1.81\u201d) Weight 0.023kg(0.05lb) Material Plastic<\/p>\n","protected":false},"featured_media":27781,"template":"","meta":[],"product_cat":[20,305,307],"product_tag":[],"_links":{"self":[{"href":"https:\/\/beta.b2bunv.com.ua\/index.php?rest_route=\/wp\/v2\/product\/27739"}],"collection":[{"href":"https:\/\/beta.b2bunv.com.ua\/index.php?rest_route=\/wp\/v2\/product"}],"about":[{"href":"https:\/\/beta.b2bunv.com.ua\/index.php?rest_route=\/wp\/v2\/types\/product"}],"version-history":[{"count":1,"href":"https:\/\/beta.b2bunv.com.ua\/index.php?rest_route=\/wp\/v2\/product\/27739\/revisions"}],"predecessor-version":[{"id":27782,"href":"https:\/\/beta.b2bunv.com.ua\/index.php?rest_route=\/wp\/v2\/product\/27739\/revisions\/27782"}],"wp:featuredmedia":[{"embeddable":true,"href":"https:\/\/beta.b2bunv.com.ua\/index.php?rest_route=\/wp\/v2\/media\/27781"}],"wp:attachment":[{"href":"https:\/\/beta.b2bunv.com.ua\/index.php?rest_route=%2Fwp%2Fv2%2Fmedia&parent=27739"}],"wp:term":[{"taxonomy":"product_cat","embeddable":true,"href":"https:\/\/beta.b2bunv.com.ua\/index.php?rest_route=%2Fwp%2Fv2%2Fproduct_cat&post=27739"},{"taxonomy":"product_tag","embeddable":true,"href":"https:\/\/beta.b2bunv.com.ua\/index.php?rest_route=%2Fwp%2Fv2%2Fproduct_tag&post=27739"}],"curies":[{"name":"wp","href":"https:\/\/api.w.org\/{rel}","templated":true}]}}