{"id":28068,"date":"2024-02-21T00:30:41","date_gmt":"2024-02-20T22:30:41","guid":{"rendered":"https:\/\/beta.b2bunv.com.ua\/?post_type=product&#038;p=28068"},"modified":"2024-02-21T00:31:57","modified_gmt":"2024-02-20T22:31:57","slug":"kit-xvr301-04g3-4uac-t112-f28","status":"publish","type":"product","link":"https:\/\/beta.b2bunv.com.ua\/?product=kit-xvr301-04g3-4uac-t112-f28","title":{"rendered":"KIT\/XVR301-04G3\/4*UAC-T112-F28"},"content":{"rendered":"<table width=\"100%\">\n<tbody>\n<tr>\n<td width=\"13%\" colspan=\"2\">\n<p align=\"center\">\n          <strong><br \/>\n            Model<br \/>\n          <\/strong>\n        <\/p>\n<\/td>\n<td width=\"85%\" colspan=\"2\">\n<p align=\"center\">\n          <strong><br \/>\n            XVR301-04G3<br \/>\n          <\/strong>\n        <\/p>\n<\/td>\n<\/tr>\n<tr>\n<td width=\"98%\" colspan=\"4\">\n<p>\n          <strong><br \/>\n            Video\/Audio Input<br \/>\n          <\/strong>\n        <\/p>\n<\/td>\n<\/tr>\n<tr>\n<td width=\"13%\" colspan=\"2\">\n<p>\n          Analog Video Input\n        <\/p>\n<\/td>\n<td width=\"85%\" colspan=\"2\">\n<p>\n          4-ch, BNC\n        <\/p>\n<\/td>\n<\/tr>\n<tr>\n<td width=\"13%\" colspan=\"2\">\n<p>\n          IP Video Input\n        <\/p>\n<\/td>\n<td width=\"85%\" colspan=\"2\">\n<p>\n          2-ch(only IP up to 6ch), each channel up    to 4MP\n        <\/p>\n<\/td>\n<\/tr>\n<tr>\n<td width=\"13%\" colspan=\"2\">\n<p>\n          Supported Analog Camera Types\n        <\/p>\n<\/td>\n<td width=\"85%\" colspan=\"2\" valign=\"top\">\n<p align=\"left\">\n          Support AHD input:<br \/>\n          <br \/>\n            5MP@20fps<br \/>\n            <br \/>\n              4MP@30fps<br \/>\n              <br \/>\n                1080P@30fps<br \/>\n                <br \/>\n                  720P@60fps<br \/>\n                  <br \/>\n                    Support TVI input:<br \/>\n                    <br \/>\n                      5MP@20fps<br \/>\n                      <br \/>\n                        4MP@30fps<br \/>\n                        <br \/>\n                          1080P@30fps<br \/>\n                          <br \/>\n                            720P@60fps<br \/>\n                            <br \/>\n                              Support CVI input:<br \/>\n                              <br \/>\n                                5MP@20fps<br \/>\n                                <br \/>\n                                  4MP@30fps<br \/>\n                                  <br \/>\n                                    1080P@30fps<br \/>\n                                    <br \/>\n                                      720P@30fps<br \/>\n                                      <br \/>\n                                        Support CVBS input\n                                        <\/p>\n<\/td>\n<\/tr>\n<tr>\n<td width=\"13%\" colspan=\"2\">\n<p>\n                                        Audio Input\n                                      <\/p>\n<\/td>\n<td width=\"85%\" colspan=\"2\">\n<p>\n                                        1-ch, RCA\n                                      <\/p>\n<\/td>\n<\/tr>\n<tr>\n<td width=\"13%\" colspan=\"2\">\n<p>\n                                        Audio    Compression\n                                      <\/p>\n<\/td>\n<td width=\"85%\" colspan=\"2\">\n<p>\n                                        G.711U\n                                      <\/p>\n<\/td>\n<\/tr>\n<tr>\n<td width=\"98%\" colspan=\"4\">\n<p>\n                                        <strong><br \/>\n                                          Video\/Audio Output<br \/>\n                                        <\/strong>\n                                      <\/p>\n<\/td>\n<\/tr>\n<tr>\n<td width=\"13%\" colspan=\"2\">\n<p>\n                                        VGA Output\n                                      <\/p>\n<\/td>\n<td width=\"85%\" colspan=\"2\">\n<p>\n                                        1920x1080p\/60Hz, 1920x1080p\/50Hz,    1600&#215;1200\/60Hz, 1280&#215;1024\/60Hz, 1280&#215;720\/60Hz, 1024&#215;768\/60Hz\n                                      <\/p>\n<\/td>\n<\/tr>\n<tr>\n<td width=\"13%\" colspan=\"2\">\n<p>\n                                        HDMI Output\n                                      <\/p>\n<\/td>\n<td width=\"85%\" colspan=\"2\">\n<p>\n                                        1920x1080p\/60Hz, 1920x1080p\/50Hz,    1600&#215;1200\/60Hz, 1280&#215;1024\/60Hz, 1280&#215;720\/60Hz, 1024&#215;768\/60Hz\n                                      <\/p>\n<\/td>\n<\/tr>\n<tr>\n<td width=\"13%\" colspan=\"2\">\n<p>\n                                        Audio Output\n                                      <\/p>\n<\/td>\n<td width=\"85%\" colspan=\"2\">\n<p>\n                                        1-ch, RCA\n                                      <\/p>\n<\/td>\n<\/tr>\n<tr>\n<td width=\"13%\" colspan=\"2\">\n<p>\n                                        Synchronous    Playback\n                                      <\/p>\n<\/td>\n<td width=\"85%\" colspan=\"2\">\n<p>\n                                        HD:2-ch<br \/>\n                                        <br \/>\n                                          SD:4-ch\n                                          <\/p>\n<\/td>\n<\/tr>\n<tr>\n<td width=\"13%\" colspan=\"2\">\n<p>\n                                          Live view display\n                                        <\/p>\n<\/td>\n<td width=\"85%\" colspan=\"2\">\n<p>\n                                          HDMI\/VGA: 1\/4\/6\/8\/9\n                                        <\/p>\n<\/td>\n<\/tr>\n<tr>\n<td width=\"13%\" colspan=\"2\">\n<p>\n                                          Two-way Audio\n                                        <\/p>\n<\/td>\n<td width=\"85%\" colspan=\"2\">\n<p>\n                                          1-ch, RCA\n                                        <\/p>\n<\/td>\n<\/tr>\n<tr>\n<td width=\"98%\" colspan=\"4\">\n<p>\n                                          <strong><br \/>\n                                            Network<br \/>\n                                          <\/strong>\n                                        <\/p>\n<\/td>\n<\/tr>\n<tr>\n<td width=\"13%\" colspan=\"2\">\n<p>\n                                          Incoming Bandwidth\n                                        <\/p>\n<\/td>\n<td width=\"85%\" colspan=\"2\">\n<p>\n                                          16Mbps    (Up to 24Mbps after all analog channel conversion)\n                                        <\/p>\n<\/td>\n<\/tr>\n<tr>\n<td width=\"13%\" colspan=\"2\">\n<p>\n                                          Outgoing Bandwidth\n                                        <\/p>\n<\/td>\n<td width=\"85%\" colspan=\"2\">\n<p>\n                                          48Mbps\n                                        <\/p>\n<\/td>\n<\/tr>\n<tr>\n<td width=\"13%\" colspan=\"2\">\n<p>\n                                          Remote Users\n                                        <\/p>\n<\/td>\n<td width=\"85%\" colspan=\"2\">\n<p>\n                                          128\n                                        <\/p>\n<\/td>\n<\/tr>\n<tr>\n<td width=\"13%\" colspan=\"2\">\n<p>\n                                          Protocols\n                                        <\/p>\n<\/td>\n<td width=\"85%\" colspan=\"2\">\n<p>\n                                          TCP\/IP, P2P, UPnP, DHCP, HTTP, HTTPS, DNS,    DDNS, SMTP\n                                        <\/p>\n<\/td>\n<\/tr>\n<tr>\n<td width=\"13%\" colspan=\"2\">\n<p>\n                                          Browser\n                                        <\/p>\n<\/td>\n<td width=\"85%\" colspan=\"2\">\n<p>\n                                          IE(IE10\/11) for Windows<br \/>\n                                          <br \/>\n                                            Firefox (version 52.0 and above) for Windows<br \/>\n                                            <br \/>\n                                              Chrome(version 45 and above) for Windows<br \/>\n                                              <br \/>\n                                                Edge(version 79 and above) for Windows\n                                                <\/p>\n<\/td>\n<\/tr>\n<tr>\n<td width=\"98%\" colspan=\"4\">\n<p>\n                                                <strong><br \/>\n                                                  Encoding<br \/>\n                                                <\/strong>\n                                              <\/p>\n<\/td>\n<\/tr>\n<tr>\n<td width=\"13%\" colspan=\"2\">\n<p>\n                                                Recording    Resolution\n                                              <\/p>\n<\/td>\n<td width=\"85%\" colspan=\"2\">\n<p>\n                                                5MP Lite\/4MP Lite\/1080P\/720P\/CIF\n                                              <\/p>\n<\/td>\n<\/tr>\n<tr>\n<td width=\"13%\" colspan=\"2\" rowspan=\"5\">\n<p>\n                                                Recording<br \/>\n                                                <br \/>\n                                                  Frame    Rate\n                                                  <\/p>\n<\/td>\n<td width=\"40%\">\n<p align=\"left\">\n                                                  Main stream:\n                                                <\/p>\n<\/td>\n<td width=\"44%\">\n<p align=\"left\">\n                                                  Sub stream:\n                                                <\/p>\n<\/td>\n<\/tr>\n<tr>\n<td width=\"40%\">\n<p align=\"left\">\n                                                  5MP Lite@12fps\n                                                <\/p>\n<\/td>\n<td width=\"44%\">\n<p align=\"left\">\n                                                  D1@12fps\n                                                <\/p>\n<\/td>\n<\/tr>\n<tr>\n<td width=\"40%\">\n<p align=\"left\">\n                                                  4MP Lite@15fps\n                                                <\/p>\n<\/td>\n<td width=\"44%\">\n<p align=\"left\">\n                                                  D1@15fps\n                                                <\/p>\n<\/td>\n<\/tr>\n<tr>\n<td width=\"40%\">\n<p align=\"left\">\n                                                  1080P@15fps\n                                                <\/p>\n<\/td>\n<td width=\"44%\">\n<p align=\"left\">\n                                                  D1@15fps\n                                                <\/p>\n<\/td>\n<\/tr>\n<tr>\n<td width=\"40%\">\n<p align=\"left\">\n                                                  720P@25fps\n                                                <\/p>\n<\/td>\n<td width=\"44%\">\n<p align=\"left\">\n                                                  D1@25fps\n                                                <\/p>\n<\/td>\n<\/tr>\n<tr>\n<td width=\"13%\" colspan=\"2\">\n<p align=\"left\">\n                                                  Audio Sample Rate\n                                                <\/p>\n<\/td>\n<td width=\"85%\" colspan=\"2\">\n<p align=\"left\">\n                                                  8KHz,16 bit per channel\n                                                <\/p>\n<\/td>\n<\/tr>\n<tr>\n<td width=\"13%\" colspan=\"2\">\n<p align=\"left\">\n                                                  Audio Bit Rate\n                                                <\/p>\n<\/td>\n<td width=\"85%\" colspan=\"2\">\n<p align=\"left\">\n                                                  64Kbps per channel\n                                                <\/p>\n<\/td>\n<\/tr>\n<tr>\n<td width=\"98%\" colspan=\"4\">\n<p>\n                                                  <strong><br \/>\n                                                    Decoding<br \/>\n                                                  <\/strong>\n                                                <\/p>\n<\/td>\n<\/tr>\n<tr>\n<td width=\"13%\" colspan=\"2\">\n<p>\n                                                  Capability\n                                                <\/p>\n<\/td>\n<td width=\"85%\" colspan=\"2\" valign=\"top\">\n<p>\n                                                  Analog: 2 x 5MP Lite@12, 2 x 4MP Lite@15, 2 x 1080P@15<br \/>\n                                                  <br \/>\n                                                    IP: 1 x 4MP@30, 2 x 1080P@30\n                                                    <\/p>\n<\/td>\n<\/tr>\n<tr>\n<td width=\"98%\" colspan=\"4\">\n<p>\n                                                    <strong><br \/>\n                                                      Hard Disk<br \/>\n                                                    <\/strong>\n                                                  <\/p>\n<\/td>\n<\/tr>\n<tr>\n<td width=\"13%\" colspan=\"2\">\n<p>\n                                                    SATA\n                                                  <\/p>\n<\/td>\n<td width=\"85%\" colspan=\"2\">\n<p>\n                                                    1 SATA interface\n                                                  <\/p>\n<\/td>\n<\/tr>\n<tr>\n<td width=\"13%\" colspan=\"2\">\n<p>\n                                                    Capacity\n                                                  <\/p>\n<\/td>\n<td width=\"85%\" colspan=\"2\">\n<p>\n                                                    Up to 8TB for    each HDD<br \/>\n                                                    <br \/>\n                                                      (The maximum    HDD capacity varies with environment temperature)\n                                                      <\/p>\n<\/td>\n<\/tr>\n<tr>\n<td width=\"98%\" colspan=\"4\">\n<p>\n                                                      <strong><br \/>\n                                                        General Alarm<br \/>\n                                                      <\/strong>\n                                                    <\/p>\n<\/td>\n<\/tr>\n<tr>\n<td width=\"13%\" colspan=\"2\">\n<p>\n                                                      General Alarm\n                                                    <\/p>\n<\/td>\n<td width=\"85%\" colspan=\"2\">\n<p>\n                                                      Motion detection\n                                                    <\/p>\n<\/td>\n<\/tr>\n<tr>\n<td width=\"13%\" colspan=\"2\">\n<p>\n                                                      Alert Alarm\n                                                    <\/p>\n<\/td>\n<td width=\"85%\" colspan=\"2\">\n<p>\n                                                      IP Conflict, Network Disconnected, Disk    offline, Disk Abnormal, Illegal Access, Hard Disk Space Low, Hard Disk Full,    Recording\/Snapshot Abnormal\n                                                    <\/p>\n<\/td>\n<\/tr>\n<tr>\n<td width=\"98%\" colspan=\"4\">\n<p>\n                                                      <strong><br \/>\n                                                        External Interface<br \/>\n                                                      <\/strong>\n                                                    <\/p>\n<\/td>\n<\/tr>\n<tr>\n<td width=\"13%\" colspan=\"2\">\n<p>\n                                                      Network Interface\n                                                    <\/p>\n<\/td>\n<td width=\"85%\" colspan=\"2\">\n<p>\n                                                      1 RJ45 10M\/100M self-adaptive Ethernet    Interface\n                                                    <\/p>\n<\/td>\n<\/tr>\n<tr>\n<td width=\"13%\" colspan=\"2\">\n<p>\n                                                      USB Interface\n                                                    <\/p>\n<\/td>\n<td width=\"85%\" colspan=\"2\">\n<p>\n                                                      Rear panel: 2 x USB2.0\n                                                    <\/p>\n<\/td>\n<\/tr>\n<tr>\n<td width=\"98%\" colspan=\"4\">\n<p>\n                                                      <strong><br \/>\n                                                        General<br \/>\n                                                      <\/strong>\n                                                    <\/p>\n<\/td>\n<\/tr>\n<tr>\n<td width=\"13%\" colspan=\"2\">\n<p>\n                                                      Power Supply\n                                                    <\/p>\n<\/td>\n<td width=\"85%\" colspan=\"2\">\n<p>\n                                                      DC 12V<br \/>\n                                                      <br \/>\n                                                        Power Consumption: \u2264 8 W( without HDD )\n                                                        <\/p>\n<\/td>\n<\/tr>\n<tr>\n<td width=\"13%\" colspan=\"2\">\n<p>\n                                                        Working Environment\n                                                      <\/p>\n<\/td>\n<td width=\"85%\" colspan=\"2\">\n<p>\n                                                        -10\u00b0C to + 55\u00b0C ( +14\u00b0F to +131\u00b0F ), Humidity    \u2264 90% RH(non-condensing)\n                                                      <\/p>\n<\/td>\n<\/tr>\n<tr>\n<td width=\"13%\" colspan=\"2\">\n<p>\n                                                        Dimensions(W\u00d7D\u00d7H)\n                                                      <\/p>\n<\/td>\n<td width=\"85%\" colspan=\"2\">\n<p>\n                                                        260mm \u00d7226mm\u00d7 47mm (10.2&#8243; \u00d7 8.9&#8243;\u00d71.8&#8243;)\n                                                      <\/p>\n<\/td>\n<\/tr>\n<tr>\n<td width=\"13%\" colspan=\"2\">\n<p>\n                                                        Weight ( without HDD )\n                                                      <\/p>\n<\/td>\n<td width=\"85%\" colspan=\"2\">\n<p>\n                                                        \u22641.1 Kg ( 2.42lb )\n                                                      <\/p>\n<\/td>\n<\/tr>\n<tr>\n<td width=\"98%\" colspan=\"4\">\n<p>\n                                                        <strong><br \/>\n                                                          Certification<br \/>\n                                                        <\/strong>\n                                                      <\/p>\n<\/td>\n<\/tr>\n<tr>\n<td width=\"13%\" colspan=\"2\">\n<p>\n                                                        Certification\n                                                      <\/p>\n<\/td>\n<td width=\"85%\" colspan=\"2\">\n<p>\n                                                        UL , CE , FCC , RoHS    , WEEE\n                                                      <\/p>\n<\/td>\n<\/tr>\n<\/tbody>\n<\/table>\n<table width=\"100%\">\n<tbody>\n<tr>\n<td width=\"20%\">\n<p align=\"center\"><strong>Model<\/strong><\/p>\n<\/td>\n<td width=\"79%\">\n<p align=\"center\"><strong>UAC-T112-F28 <\/strong><\/p>\n<\/td>\n<\/tr>\n<tr>\n<td width=\"100%\" colspan=\"2\">\n<p><strong>Sensor<\/strong><\/p>\n<\/td>\n<\/tr>\n<tr>\n<td width=\"20%\">\n<p>Pixel<\/p>\n<\/td>\n<td width=\"79%\">\n<p>2MP<\/p>\n<\/td>\n<\/tr>\n<tr>\n<td width=\"20%\">\n<p>Size<\/p>\n<\/td>\n<td width=\"79%\">\n<p>1\/3&#8243;<\/p>\n<\/td>\n<\/tr>\n<tr>\n<td width=\"20%\">\n<p>Minimum Illumination<\/p>\n<\/td>\n<td width=\"79%\">\n<p>0.02 lux (F2.0, AGC ON)<br \/>\n      0.00 lux (IR on)<\/p>\n<\/td>\n<\/tr>\n<tr>\n<td width=\"100%\" colspan=\"2\">\n<p><strong>Lens<\/strong><\/p>\n<\/td>\n<\/tr>\n<tr>\n<td width=\"20%\">\n<p>Lens<\/p>\n<\/td>\n<td width=\"79%\">\n<p>2.8mm<\/p>\n<\/td>\n<\/tr>\n<tr>\n<td width=\"20%\">\n<p>Lens    Mount<\/p>\n<\/td>\n<td width=\"79%\">\n<p>M12<\/p>\n<\/td>\n<\/tr>\n<tr>\n<td width=\"20%\">\n<p>Angle    of View<\/p>\n<\/td>\n<td width=\"79%\">\n<p>H:    90.5\u00b0&nbsp; V: 49.6\u00b0&nbsp; D: 109.5\u00b0<\/p>\n<\/td>\n<\/tr>\n<tr>\n<td width=\"100%\" colspan=\"2\">\n<p><strong>Illuminator<\/strong><\/p>\n<\/td>\n<\/tr>\n<tr>\n<td width=\"20%\">\n<p>Illuminator<\/p>\n<\/td>\n<td width=\"79%\">\n<p>One    IR illuminator<\/p>\n<\/td>\n<\/tr>\n<tr>\n<td width=\"20%\">\n<p>Illumination    Distance<\/p>\n<\/td>\n<td width=\"79%\">\n<p>20m<\/p>\n<\/td>\n<\/tr>\n<tr>\n<td width=\"20%\">\n<p>Lifetime<\/p>\n<\/td>\n<td width=\"79%\">\n<p>\u226560,000    hours<\/p>\n<\/td>\n<\/tr>\n<tr>\n<td width=\"100%\" colspan=\"2\">\n<p><strong>Image<\/strong><\/p>\n<\/td>\n<\/tr>\n<tr>\n<td width=\"20%\">\n<p>Resolution<\/p>\n<\/td>\n<td width=\"79%\">\n<p>1080P: 1920(H)\u00d71080(V)<br \/>\n      720P: 1280(H) \u00d7720(V)<\/p>\n<\/td>\n<\/tr>\n<tr>\n<td width=\"20%\">\n<p>Frame Rate<\/p>\n<\/td>\n<td width=\"79%\">\n<p>TVI\/AHD\/CVI: 1080P@30fps, 1080P@25fps;    720P@30fps, 720P@25fps<br \/>\n      CVBS: PAL, NTSC<\/p>\n<\/td>\n<\/tr>\n<tr>\n<td width=\"20%\">\n<p>Shutter Time<\/p>\n<\/td>\n<td width=\"79%\" valign=\"top\">\n<p>PAL: 1\/25s-1\/50000s<br \/>\n      NTSC: 1\/30s\u20131\/50000s<\/p>\n<\/td>\n<\/tr>\n<tr>\n<td width=\"100%\" colspan=\"2\">\n<p><strong>Image<\/strong><\/p>\n<\/td>\n<\/tr>\n<tr>\n<td width=\"20%\" valign=\"top\">\n<p>Exposure    Mode<\/p>\n<\/td>\n<td width=\"79%\" valign=\"top\">\n<p>4    modes: Global (default), BLC, HLC, DWDR<\/p>\n<\/td>\n<\/tr>\n<tr>\n<td width=\"20%\">\n<p>Day\/Night<\/p>\n<\/td>\n<td width=\"79%\">\n<p>3    modes: Auto (default), Day, Night <\/p>\n<\/td>\n<\/tr>\n<tr>\n<td width=\"20%\">\n<p>Digital    Noise Reduction<\/p>\n<\/td>\n<td width=\"79%\">\n<p>2D<\/p>\n<\/td>\n<\/tr>\n<tr>\n<td width=\"20%\">\n<p>White    Balance<\/p>\n<\/td>\n<td width=\"79%\">\n<p>Two    modes: Auto (default), Manual<\/p>\n<\/td>\n<\/tr>\n<tr>\n<td width=\"20%\">\n<p>WDR<\/p>\n<\/td>\n<td width=\"79%\">\n<p>DWDR<\/p>\n<\/td>\n<\/tr>\n<tr>\n<td width=\"20%\">\n<p>Smart    IR<\/p>\n<\/td>\n<td width=\"79%\">\n<p>Support<\/p>\n<\/td>\n<\/tr>\n<tr>\n<td width=\"20%\">\n<p>Flip<\/p>\n<\/td>\n<td width=\"79%\">\n<p>Supports    180\u00b0 horizontal flip, 180\u00b0 vertical flip.<\/p>\n<\/td>\n<\/tr>\n<tr>\n<td width=\"100%\" colspan=\"2\">\n<p><strong>Interface<\/strong><\/p>\n<\/td>\n<\/tr>\n<tr>\n<td width=\"20%\">\n<p>Power<\/p>\n<\/td>\n<td width=\"79%\">\n<p>5.5mm power interface<\/p>\n<\/td>\n<\/tr>\n<tr>\n<td width=\"20%\">\n<p>Video Output<\/p>\n<\/td>\n<td width=\"79%\">\n<p>BNC, supports TVI\/AHD\/CVI\/CVBS<\/p>\n<\/td>\n<\/tr>\n<tr>\n<td width=\"100%\" colspan=\"2\">\n<p><strong>Operating<\/strong> <strong>Environment<\/strong><\/p>\n<\/td>\n<\/tr>\n<tr>\n<td width=\"20%\">\n<p>Temperature<\/p>\n<\/td>\n<td width=\"79%\">\n<p>-30\u2103 to 60\u2103(-22\u2109    to 140\u2109)<\/p>\n<\/td>\n<\/tr>\n<tr>\n<td width=\"20%\">\n<p>Humidity<\/p>\n<\/td>\n<td width=\"79%\">\n<p>\u226495% (RH, non-condensing)<\/p>\n<\/td>\n<\/tr>\n<tr>\n<td width=\"20%\">\n<p>Surge Protection<\/p>\n<\/td>\n<td width=\"79%\">\n<p>4KV<\/p>\n<\/td>\n<\/tr>\n<tr>\n<td width=\"20%\">\n<p>Ingress Protection<\/p>\n<\/td>\n<td width=\"79%\">\n<p>IP67<\/p>\n<\/td>\n<\/tr>\n<tr>\n<td width=\"100%\" colspan=\"2\">\n<p><strong>General<\/strong><\/p>\n<\/td>\n<\/tr>\n<tr>\n<td width=\"20%\">\n<p>Power<\/p>\n<\/td>\n<td width=\"79%\">\n<p>DC 12V(\u00b125%), with reverse polarity    protection and surge protection, Max 2.88W<\/p>\n<\/td>\n<\/tr>\n<tr>\n<td width=\"20%\">\n<p>Mount<\/p>\n<\/td>\n<td width=\"79%\">\n<p>Surface mount (default), optional    backbox, wall mount bracket<\/p>\n<\/td>\n<\/tr>\n<tr>\n<td width=\"20%\">\n<p>Dimensions<\/p>\n<\/td>\n<td width=\"79%\">\n<p>\u03a6118mm\u00d796mm(4.6&#8243; \u00d7 3.8&#8243;)    (diameter \u00d7 height)<\/p>\n<\/td>\n<\/tr>\n<tr>\n<td width=\"20%\">\n<p>Material<\/p>\n<\/td>\n<td width=\"79%\">\n<p>Plastic<\/p>\n<\/td>\n<\/tr>\n<tr>\n<td width=\"20%\">\n<p>Weight<\/p>\n<\/td>\n<td width=\"79%\">\n<p>182g(0.401lb)<\/p>\n<\/td>\n<\/tr>\n<tr>\n<td width=\"20%\">\n<p>Certification<\/p>\n<\/td>\n<td width=\"79%\">\n<p>CB, CE, FCC<\/p>\n<\/td>\n<\/tr>\n<\/tbody>\n<\/table>\n","protected":false},"excerpt":{"rendered":"<p><b>XVR301-04G3<br \/>\n<\/b><\/p>\n<ul>\n<li>Support H.265\/H.264 video formats\n<\/li>\n<li>Support TVI, AHD, CVI, CVBS, IP cameras with adaptive access\n<\/li>\n<li>4-channel BNC input\n<\/li>\n<li>Support 1-ch HDMI output, 1-ch VGA output at up to 1920*1080\n<\/li>\n<\/ul>\n<div><b>UAC-T112-F28<br \/>\n<\/b><\/div>\n<ul>\n<li>2MP high quality image\n<\/li>\n<li>TVI\/AHD\/CVI\/CVBS\n<\/li>\n<li>IR-cut filter with auto switch (ICR)\n<\/li>\n<li>Supports 180\u00b0 horizontal flip, 180\u00b0 vertical flip\n<\/li>\n<li>OSD configuration menu, easy to operate\n<\/li>\n<li>IP67 waterproof and dustproof design, high reliability\n<\/li>\n<li>OSD configuration menu in 11 languages\n<\/li>\n<\/ul>\n<div><\/div>\n<div>\n<\/div>\n","protected":false},"featured_media":28137,"template":"","meta":[],"product_cat":[299,341],"product_tag":[],"_links":{"self":[{"href":"https:\/\/beta.b2bunv.com.ua\/index.php?rest_route=\/wp\/v2\/product\/28068"}],"collection":[{"href":"https:\/\/beta.b2bunv.com.ua\/index.php?rest_route=\/wp\/v2\/product"}],"about":[{"href":"https:\/\/beta.b2bunv.com.ua\/index.php?rest_route=\/wp\/v2\/types\/product"}],"version-history":[{"count":1,"href":"https:\/\/beta.b2bunv.com.ua\/index.php?rest_route=\/wp\/v2\/product\/28068\/revisions"}],"predecessor-version":[{"id":28138,"href":"https:\/\/beta.b2bunv.com.ua\/index.php?rest_route=\/wp\/v2\/product\/28068\/revisions\/28138"}],"wp:featuredmedia":[{"embeddable":true,"href":"https:\/\/beta.b2bunv.com.ua\/index.php?rest_route=\/wp\/v2\/media\/28137"}],"wp:attachment":[{"href":"https:\/\/beta.b2bunv.com.ua\/index.php?rest_route=%2Fwp%2Fv2%2Fmedia&parent=28068"}],"wp:term":[{"taxonomy":"product_cat","embeddable":true,"href":"https:\/\/beta.b2bunv.com.ua\/index.php?rest_route=%2Fwp%2Fv2%2Fproduct_cat&post=28068"},{"taxonomy":"product_tag","embeddable":true,"href":"https:\/\/beta.b2bunv.com.ua\/index.php?rest_route=%2Fwp%2Fv2%2Fproduct_tag&post=28068"}],"curies":[{"name":"wp","href":"https:\/\/api.w.org\/{rel}","templated":true}]}}