{"id":28167,"date":"2024-02-21T00:32:23","date_gmt":"2024-02-20T22:32:23","guid":{"rendered":"https:\/\/beta.b2bunv.com.ua\/?post_type=product&#038;p=28167"},"modified":"2024-02-21T00:33:15","modified_gmt":"2024-02-20T22:33:15","slug":"uac-d125-af28m","status":"publish","type":"product","link":"https:\/\/beta.b2bunv.com.ua\/?product=uac-d125-af28m","title":{"rendered":"UAC-D125-AF28M"},"content":{"rendered":"<table width=\"100%\">\n<tbody>\n<tr>\n<td width=\"20%\">\n<p align=\"center\"><strong>Model<\/strong><\/p>\n<\/td>\n<td width=\"39%\">\n<p align=\"center\"><strong>UAC-D125-AF28M<\/strong><\/p>\n<\/td>\n<td width=\"39%\">\n<p align=\"center\"><strong>UAC-D125-AF40M<\/strong><\/p>\n<\/td>\n<\/tr>\n<tr>\n<td width=\"100%\" colspan=\"3\">\n<p><strong>Sensor<\/strong><\/p>\n<\/td>\n<\/tr>\n<tr>\n<td width=\"20%\">\n<p>Pixel<\/p>\n<\/td>\n<td width=\"79%\" colspan=\"2\">\n<p>5MP<\/p>\n<\/td>\n<\/tr>\n<tr>\n<td width=\"20%\">\n<p>Size<\/p>\n<\/td>\n<td width=\"79%\" colspan=\"2\">\n<p>1\/2.7&#8243;<\/p>\n<\/td>\n<\/tr>\n<tr>\n<td width=\"20%\">\n<p>Minimum illumination<\/p>\n<\/td>\n<td width=\"79%\" colspan=\"2\">\n<p>0.001    lux (F1.6, AGC ON)<br \/>\n      0    lux (IR on)<\/p>\n<\/td>\n<\/tr>\n<tr>\n<td width=\"100%\" colspan=\"3\">\n<p><strong>Lens<\/strong><\/p>\n<\/td>\n<\/tr>\n<tr>\n<td width=\"20%\">\n<p>Lens<\/p>\n<\/td>\n<td width=\"39%\">\n<p>2.8mm<\/p>\n<\/td>\n<td width=\"39%\">\n<p>4.0mm<\/p>\n<\/td>\n<\/tr>\n<tr>\n<td width=\"20%\">\n<p>Lens    mount<\/p>\n<\/td>\n<td width=\"79%\" colspan=\"2\">\n<p>M12<\/p>\n<\/td>\n<\/tr>\n<tr>\n<td width=\"20%\">\n<p>Angle of    view<\/p>\n<\/td>\n<td width=\"39%\">\n<p>H:    109.1\u00b0&nbsp; V: 60.9\u00b0&nbsp; D: 126.7\u00b0<\/p>\n<\/td>\n<td width=\"39%\">\n<p>H:    91.3\u00b0&nbsp; V: 46.1\u00b0&nbsp; D: 109.6\u00b0<\/p>\n<\/td>\n<\/tr>\n<tr>\n<td width=\"100%\" colspan=\"3\">\n<p><strong>Illuminator<\/strong><\/p>\n<\/td>\n<\/tr>\n<tr>\n<td width=\"20%\">\n<p>Illuminator<\/p>\n<\/td>\n<td width=\"79%\" colspan=\"2\">\n<p>One IR    illuminator<\/p>\n<\/td>\n<\/tr>\n<tr>\n<td width=\"20%\">\n<p>Illumination    distance<\/p>\n<\/td>\n<td width=\"79%\" colspan=\"2\">\n<p>30m<\/p>\n<\/td>\n<\/tr>\n<tr>\n<td width=\"20%\">\n<p>Lifetime<\/p>\n<\/td>\n<td width=\"79%\" colspan=\"2\">\n<p>\u226560,000    hours<\/p>\n<\/td>\n<\/tr>\n<tr>\n<td width=\"100%\" colspan=\"3\">\n<p><strong>Video<\/strong><\/p>\n<\/td>\n<\/tr>\n<tr>\n<td width=\"20%\">\n<p>Resolution<\/p>\n<\/td>\n<td width=\"79%\" colspan=\"2\">\n<p>5MP@25fps: 2880(H)\u00d71620(V); 5MP@20fps: 2592(H)\u00d71944(V);    5MP@12.5fps: 2592(H)\u00d71944(V)<br \/>\n      4MP: 2560(H)\u00d71440(V)<br \/>\n      1080P: 1920(H)\u00d71080(V)<\/p>\n<\/td>\n<\/tr>\n<tr>\n<td width=\"20%\">\n<p>Frame rate<\/p>\n<\/td>\n<td width=\"79%\" colspan=\"2\">\n<p>TVI: 5MP@20fps (default), 5MP@12.5fps, 4MP@30fps,    4MP@25fps, 1080P@30fps, 1080P@25fps<br \/>\n      AHD: 5MP@20fps, 4MP@30fps, 4MP@25fps, 1080P@30fps,    1080P@25fps<br \/>\n      CVI: 5MP@25fps, 4MP@30fps, 4MP@25fps, 1080P@30fps,    1080P@25fps<br \/>\n      CVBS: PAL, NTSC<\/p>\n<\/td>\n<\/tr>\n<tr>\n<td width=\"20%\">\n<p>Shutter time<\/p>\n<\/td>\n<td width=\"79%\" colspan=\"2\" valign=\"top\">\n<p>PAL: 1\/25s-1\/50000s<br \/>\n      NTSC: 1\/30s\u20131\/50000s<\/p>\n<\/td>\n<\/tr>\n<tr>\n<td width=\"100%\" colspan=\"3\">\n<p><strong>Image<\/strong><\/p>\n<\/td>\n<\/tr>\n<tr>\n<td width=\"20%\" valign=\"top\">\n<p>Exposure    mode<\/p>\n<\/td>\n<td width=\"79%\" colspan=\"2\" valign=\"top\">\n<p>Four modes:    Global (default), BLC, HLC, DWDR <\/p>\n<\/td>\n<\/tr>\n<tr>\n<td width=\"20%\">\n<p>Day\/Night<\/p>\n<\/td>\n<td width=\"79%\" colspan=\"2\">\n<p>Three modes:    Auto (default), Day, Night <\/p>\n<\/td>\n<\/tr>\n<tr>\n<td width=\"20%\">\n<p>Noise    reduction<\/p>\n<\/td>\n<td width=\"79%\" colspan=\"2\">\n<p>2D<\/p>\n<\/td>\n<\/tr>\n<tr>\n<td width=\"20%\">\n<p>White    balance<\/p>\n<\/td>\n<td width=\"79%\" colspan=\"2\">\n<p>Two modes:    Auto (default), Manual<\/p>\n<\/td>\n<\/tr>\n<tr>\n<td width=\"20%\">\n<p>WDR<\/p>\n<\/td>\n<td width=\"79%\" colspan=\"2\">\n<p>DWDR<\/p>\n<\/td>\n<\/tr>\n<tr>\n<td width=\"20%\">\n<p>Smart IR<\/p>\n<\/td>\n<td width=\"79%\" colspan=\"2\">\n<p>Support<\/p>\n<\/td>\n<\/tr>\n<tr>\n<td width=\"20%\">\n<p>Flip<\/p>\n<\/td>\n<td width=\"79%\" colspan=\"2\">\n<p>Supports    180\u00b0 horizontal flip, 180\u00b0 vertical flip<\/p>\n<\/td>\n<\/tr>\n<tr>\n<td width=\"100%\" colspan=\"3\">\n<p><strong>Audio<\/strong><\/p>\n<\/td>\n<\/tr>\n<tr>\n<td width=\"20%\">\n<p>Microphone<\/p>\n<\/td>\n<td width=\"79%\" colspan=\"2\">\n<p>Built-in Mic<\/p>\n<\/td>\n<\/tr>\n<tr>\n<td width=\"20%\">\n<p>Audio<\/p>\n<\/td>\n<td width=\"79%\" colspan=\"2\">\n<p>TVI: 5MP@20fps, 5MP@12.5fps, 4MP@30fps,    4MP@25fps, 1080P@30fps, 1080P@25fps<br \/>\n      CVI: 5MP@25fps, 4MP@30fps, 4MP@25fps<\/p>\n<\/td>\n<\/tr>\n<tr>\n<td width=\"0%\" colspan=\"3\">\n<p><strong>Interface<\/strong><\/p>\n<\/td>\n<\/tr>\n<tr>\n<td width=\"20%\">\n<p>Power<\/p>\n<\/td>\n<td width=\"79%\" colspan=\"2\">\n<p>5.5mm power interface <\/p>\n<\/td>\n<\/tr>\n<tr>\n<td width=\"20%\">\n<p>Video output<\/p>\n<\/td>\n<td width=\"79%\" colspan=\"2\">\n<p>BNC, supports TVI\/AHD\/CVI\/CVBS<\/p>\n<\/td>\n<\/tr>\n<tr>\n<td width=\"100%\" colspan=\"3\">\n<p><strong>Operating environment<\/strong><\/p>\n<\/td>\n<\/tr>\n<tr>\n<td width=\"20%\">\n<p>Temperature<\/p>\n<\/td>\n<td width=\"79%\" colspan=\"2\">\n<p>-30\u00b0C to 60\u00b0C (-22\u00b0F to 140\u00b0F)<\/p>\n<\/td>\n<\/tr>\n<tr>\n<td width=\"20%\">\n<p>Humidity<\/p>\n<\/td>\n<td width=\"79%\" colspan=\"2\">\n<p>\u226495% (RH, non-condensing)<\/p>\n<\/td>\n<\/tr>\n<tr>\n<td width=\"20%\">\n<p>Surge protection<\/p>\n<\/td>\n<td width=\"79%\" colspan=\"2\">\n<p>4kV for power and video output interfaces<\/p>\n<\/td>\n<\/tr>\n<tr>\n<td width=\"20%\">\n<p>Ingress    protection<\/p>\n<\/td>\n<td width=\"79%\" colspan=\"2\">\n<p>IP67<\/p>\n<\/td>\n<\/tr>\n<tr>\n<td width=\"20%\">\n<p>IK    rating<\/p>\n<\/td>\n<td width=\"79%\" colspan=\"2\">\n<p>IK10<\/p>\n<\/td>\n<\/tr>\n<tr>\n<td width=\"100%\" colspan=\"3\">\n<p><strong>General<\/strong><\/p>\n<\/td>\n<\/tr>\n<tr>\n<td width=\"20%\">\n<p>Power<\/p>\n<\/td>\n<td width=\"79%\" colspan=\"2\">\n<p>DC 12V(\u00b125%), with reverse polarity    protection and surge protection, Max 3.3W<\/p>\n<\/td>\n<\/tr>\n<tr>\n<td width=\"20%\">\n<p>Mount<\/p>\n<\/td>\n<td width=\"79%\" colspan=\"2\">\n<p>Surface mount (default), optional tilted    mounting bracket <\/p>\n<\/td>\n<\/tr>\n<tr>\n<td width=\"20%\">\n<p>Dimensions<\/p>\n<\/td>\n<td width=\"79%\" colspan=\"2\">\n<p>\u03a6109mm*82.5mm (diameter*height)<\/p>\n<\/td>\n<\/tr>\n<tr>\n<td width=\"20%\">\n<p>Material<\/p>\n<\/td>\n<td width=\"79%\" colspan=\"2\">\n<p>Metal<\/p>\n<\/td>\n<\/tr>\n<tr>\n<td width=\"20%\">\n<p>Weight<\/p>\n<\/td>\n<td width=\"79%\" colspan=\"2\">\n<p>372g (0.82lb)<\/p>\n<\/td>\n<\/tr>\n<tr>\n<td width=\"20%\">\n<p>Certification<\/p>\n<\/td>\n<td width=\"79%\" colspan=\"2\">\n<p>CB, CE, FCC, UL<\/p>\n<\/td>\n<\/tr>\n<\/tbody>\n<\/table>\n","protected":false},"excerpt":{"rendered":"<ul>\n<li>High quality imaging with 5MP resolution\n<\/li>\n<li>TVI\/AHD\/CVI\/CVBS\n<\/li>\n<li>Supports IR-cut filter with auto-switch (ICR)\n<\/li>\n<li>LightHunter monitoring with high-sensitivity sensor\n<\/li>\n<li>Supports 180\u00b0 horizontal\/vertical flip\n<\/li>\n<li>OSD configuration menu, easy to operate\n<\/li>\n<li>Water and dust resistant (IP67) and vandal-resistant (IK10)\n<\/li>\n<li>OSD configuration menu in 11 languages\n<\/li>\n<li>Built-in microphone for high quality audio transmission via coaxial cables\n<\/li>\n<li>Metal base and metal housing<\/li>\n<\/ul>\n","protected":false},"featured_media":26768,"template":"","meta":[],"product_cat":[187,343,345],"product_tag":[244],"_links":{"self":[{"href":"https:\/\/beta.b2bunv.com.ua\/index.php?rest_route=\/wp\/v2\/product\/28167"}],"collection":[{"href":"https:\/\/beta.b2bunv.com.ua\/index.php?rest_route=\/wp\/v2\/product"}],"about":[{"href":"https:\/\/beta.b2bunv.com.ua\/index.php?rest_route=\/wp\/v2\/types\/product"}],"version-history":[{"count":1,"href":"https:\/\/beta.b2bunv.com.ua\/index.php?rest_route=\/wp\/v2\/product\/28167\/revisions"}],"predecessor-version":[{"id":28227,"href":"https:\/\/beta.b2bunv.com.ua\/index.php?rest_route=\/wp\/v2\/product\/28167\/revisions\/28227"}],"wp:featuredmedia":[{"embeddable":true,"href":"https:\/\/beta.b2bunv.com.ua\/index.php?rest_route=\/wp\/v2\/media\/26768"}],"wp:attachment":[{"href":"https:\/\/beta.b2bunv.com.ua\/index.php?rest_route=%2Fwp%2Fv2%2Fmedia&parent=28167"}],"wp:term":[{"taxonomy":"product_cat","embeddable":true,"href":"https:\/\/beta.b2bunv.com.ua\/index.php?rest_route=%2Fwp%2Fv2%2Fproduct_cat&post=28167"},{"taxonomy":"product_tag","embeddable":true,"href":"https:\/\/beta.b2bunv.com.ua\/index.php?rest_route=%2Fwp%2Fv2%2Fproduct_tag&post=28167"}],"curies":[{"name":"wp","href":"https:\/\/api.w.org\/{rel}","templated":true}]}}