{"id":28258,"date":"2024-02-21T00:33:46","date_gmt":"2024-02-20T22:33:46","guid":{"rendered":"https:\/\/beta.b2bunv.com.ua\/?post_type=product&#038;p=28258"},"modified":"2024-02-21T00:34:27","modified_gmt":"2024-02-20T22:34:27","slug":"uac-t122-af40lm","status":"publish","type":"product","link":"https:\/\/beta.b2bunv.com.ua\/?product=uac-t122-af40lm","title":{"rendered":"UAC-T122-AF40LM"},"content":{"rendered":"<table width=\"100%\">\n<tbody>\n<tr>\n<td width=\"20%\">\n<p align=\"center\"><strong>Model<\/strong><\/p>\n<\/td>\n<td width=\"39%\">\n<p align=\"center\"><strong>UAC-T125-AF28M-W<\/strong><\/p>\n<\/td>\n<td width=\"39%\">\n<p align=\"center\"><strong>UAC-T125-AF40M-W<\/strong><\/p>\n<\/td>\n<\/tr>\n<tr>\n<td width=\"100%\" colspan=\"3\">\n<p><strong>Sensor<\/strong><\/p>\n<\/td>\n<\/tr>\n<tr>\n<td width=\"20%\">\n<p>Pixel<\/p>\n<\/td>\n<td width=\"79%\" colspan=\"2\">\n<p>5MP<\/p>\n<\/td>\n<\/tr>\n<tr>\n<td width=\"20%\">\n<p>Size<\/p>\n<\/td>\n<td width=\"79%\" colspan=\"2\">\n<p>1\/2.7&#8243;<\/p>\n<\/td>\n<\/tr>\n<tr>\n<td width=\"20%\">\n<p>Minimum illumination<\/p>\n<\/td>\n<td width=\"79%\" colspan=\"2\">\n<p>0.005lux (F1.4, AGC ON)<br \/>\n      0 lux (white light on)<\/p>\n<\/td>\n<\/tr>\n<tr>\n<td width=\"100%\" colspan=\"3\">\n<p><strong>Lens<\/strong><\/p>\n<\/td>\n<\/tr>\n<tr>\n<td width=\"20%\">\n<p>Lens<\/p>\n<\/td>\n<td width=\"39%\">\n<p>2.8mm<\/p>\n<\/td>\n<td width=\"39%\">\n<p>4.0mm<\/p>\n<\/td>\n<\/tr>\n<tr>\n<td width=\"20%\">\n<p>Lens    mount<\/p>\n<\/td>\n<td width=\"79%\" colspan=\"2\">\n<p>M12<\/p>\n<\/td>\n<\/tr>\n<tr>\n<td width=\"20%\">\n<p>Angle of    view<\/p>\n<\/td>\n<td width=\"39%\">\n<p>H: 111.5\u00b0&nbsp; V: 58.9\u00b0&nbsp;    D: 134.8\u00b0<\/p>\n<\/td>\n<td width=\"39%\">\n<p>H: 89.6\u00b0&nbsp; V: 48.3\u00b0&nbsp;    D: 106.4\u00b0<\/p>\n<\/td>\n<\/tr>\n<tr>\n<td width=\"100%\" colspan=\"3\">\n<p><strong>Illuminator<\/strong><\/p>\n<\/td>\n<\/tr>\n<tr>\n<td width=\"20%\">\n<p>Illuminator<\/p>\n<\/td>\n<td width=\"79%\" colspan=\"2\">\n<p>Two    white-light illuminators<\/p>\n<\/td>\n<\/tr>\n<tr>\n<td width=\"20%\">\n<p>Illumination    distance<\/p>\n<\/td>\n<td width=\"79%\" colspan=\"2\">\n<p>40m<\/p>\n<\/td>\n<\/tr>\n<tr>\n<td width=\"20%\">\n<p>Lifetime<\/p>\n<\/td>\n<td width=\"79%\" colspan=\"2\">\n<p>\u226560,000    hours<\/p>\n<\/td>\n<\/tr>\n<tr>\n<td width=\"100%\" colspan=\"3\">\n<p><strong>Video<\/strong><\/p>\n<\/td>\n<\/tr>\n<tr>\n<td width=\"20%\">\n<p>Resolution<\/p>\n<\/td>\n<td width=\"79%\" colspan=\"2\">\n<p>5MP@25fps: 2880(H)\u00d71620(V); 5MP@20fps:    2592(H)\u00d71944(V); 5MP@12.5fps: 2592(H)\u00d71944(V)<br \/>\n      4MP: 2560(H)\u00d71440(V)<br \/>\n      1080P: 1920(H)\u00d71080(V)<\/p>\n<\/td>\n<\/tr>\n<tr>\n<td width=\"20%\">\n<p>Frame rate<\/p>\n<\/td>\n<td width=\"79%\" colspan=\"2\">\n<p>TVI: 5MP@20fps (default), 5MP@12.5fps,    4MP@30fps, 4MP@25fps, 1080P@30fps, 1080P@25fps<br \/>\n      AHD: 5MP@20fps, 4MP@30fps, 4MP@25fps,    1080P@30fps, 1080P@25fps<br \/>\n      CVI: 5MP@25fps, 4MP@30fps, 4MP@25fps, 1080P@30fps,    1080P@25fps<br \/>\n      CVBS: PAL, NTSC<\/p>\n<\/td>\n<\/tr>\n<tr>\n<td width=\"20%\">\n<p>Shutter time<\/p>\n<\/td>\n<td width=\"79%\" colspan=\"2\" valign=\"top\">\n<p>PAL: 1\/25s-1\/50000s<br \/>\n      NTSC: 1\/30s\u20131\/50000s<\/p>\n<\/td>\n<\/tr>\n<tr>\n<td width=\"100%\" colspan=\"3\">\n<p><strong>Image<\/strong><\/p>\n<\/td>\n<\/tr>\n<tr>\n<td width=\"20%\" valign=\"top\">\n<p>Exposure mode<\/p>\n<\/td>\n<td width=\"79%\" colspan=\"2\" valign=\"top\">\n<p>Four modes: Global (default), BLC, HLC, DWDR <\/p>\n<\/td>\n<\/tr>\n<tr>\n<td width=\"20%\">\n<p>Day\/Night<\/p>\n<\/td>\n<td width=\"79%\" colspan=\"2\">\n<p>24\/7    color images<\/p>\n<\/td>\n<\/tr>\n<tr>\n<td width=\"20%\">\n<p>Digital    noise reduction<\/p>\n<\/td>\n<td width=\"79%\" colspan=\"2\">\n<p>2D<\/p>\n<\/td>\n<\/tr>\n<tr>\n<td width=\"20%\">\n<p>White    balance<\/p>\n<\/td>\n<td width=\"79%\" colspan=\"2\">\n<p>Two    modes: Auto (default), Manual<\/p>\n<\/td>\n<\/tr>\n<tr>\n<td width=\"20%\">\n<p>WDR<\/p>\n<\/td>\n<td width=\"79%\" colspan=\"2\">\n<p>DWDR<\/p>\n<\/td>\n<\/tr>\n<tr>\n<td width=\"20%\">\n<p>Flip<\/p>\n<\/td>\n<td width=\"79%\" colspan=\"2\">\n<p>Supports    180\u00b0 horizontal flip, 180\u00b0 vertical flip<\/p>\n<\/td>\n<\/tr>\n<tr>\n<td width=\"100%\" colspan=\"3\">\n<p><strong>Audio<\/strong><\/p>\n<\/td>\n<\/tr>\n<tr>\n<td width=\"20%\">\n<p>Microphone<\/p>\n<\/td>\n<td width=\"79%\" colspan=\"2\">\n<p>Built-in Mic<\/p>\n<\/td>\n<\/tr>\n<tr>\n<td width=\"20%\">\n<p>Camera audio<\/p>\n<\/td>\n<td width=\"79%\" colspan=\"2\">\n<p>TVI:    5MP@20fps, 5MP@12.5fps, 4MP@30fps, 4MP@25fps, 1080P@30fps, 1080P@25fps<br \/>\n      CVI:    5MP@25fps, 4MP@30fps, 4MP@25fps<\/p>\n<\/td>\n<\/tr>\n<tr>\n<td width=\"100%\" colspan=\"3\">\n<p><strong>Interface<\/strong><\/p>\n<\/td>\n<\/tr>\n<tr>\n<td width=\"20%\">\n<p>Power<\/p>\n<\/td>\n<td width=\"79%\" colspan=\"2\">\n<p>5.5mm power interface<\/p>\n<\/td>\n<\/tr>\n<tr>\n<td width=\"20%\">\n<p>Video output<\/p>\n<\/td>\n<td width=\"79%\" colspan=\"2\">\n<p>BNC, supports TVI\/AHD\/CVI\/CVBS<\/p>\n<\/td>\n<\/tr>\n<tr>\n<td width=\"100%\" colspan=\"3\">\n<p><strong>Operating environment<\/strong><\/p>\n<\/td>\n<\/tr>\n<tr>\n<td width=\"20%\">\n<p>Temperature<\/p>\n<\/td>\n<td width=\"79%\" colspan=\"2\">\n<p>-30\u00b0C to 60\u00b0C (-22\u00b0F to 140\u00b0F)<\/p>\n<\/td>\n<\/tr>\n<tr>\n<td width=\"20%\">\n<p>Humidity<\/p>\n<\/td>\n<td width=\"79%\" colspan=\"2\">\n<p>\u226495% (RH, non-condensing)<\/p>\n<\/td>\n<\/tr>\n<tr>\n<td width=\"20%\">\n<p>Surge protection<\/p>\n<\/td>\n<td width=\"79%\" colspan=\"2\">\n<p>4kV<\/p>\n<\/td>\n<\/tr>\n<tr>\n<td width=\"20%\">\n<p>Ingress protection<\/p>\n<\/td>\n<td width=\"79%\" colspan=\"2\">\n<p>IP67<\/p>\n<\/td>\n<\/tr>\n<tr>\n<td width=\"100%\" colspan=\"3\"><strong>General<\/strong><\/td>\n<\/tr>\n<tr>\n<td width=\"20%\">\n<p>Power<\/p>\n<\/td>\n<td width=\"79%\" colspan=\"2\">\n<p>DC12V (\u00b125%), with reverse polarity    protection and surge protection. Max 3.28W<\/p>\n<\/td>\n<\/tr>\n<tr>\n<td width=\"20%\">\n<p>Mount<\/p>\n<\/td>\n<td width=\"79%\" colspan=\"2\">\n<p>Surface mount (default), optional junction    box and wall mount bracket<\/p>\n<\/td>\n<\/tr>\n<tr>\n<td width=\"20%\">\n<p>Dimensions<\/p>\n<\/td>\n<td width=\"79%\" colspan=\"2\">\n<p>\u03a6111mm*96mm (diameter*height)<\/p>\n<\/td>\n<\/tr>\n<tr>\n<td width=\"20%\">\n<p>Material<\/p>\n<\/td>\n<td width=\"79%\" colspan=\"2\">\n<p>Metal and plastic<\/p>\n<\/td>\n<\/tr>\n<tr>\n<td width=\"20%\">\n<p>Weight<\/p>\n<\/td>\n<td width=\"79%\" colspan=\"2\">\n<p>356g (0.79lb)<\/p>\n<\/td>\n<\/tr>\n<tr>\n<td width=\"20%\">\n<p>Certification<\/p>\n<\/td>\n<td width=\"79%\" colspan=\"2\">\n<p>CB, CE, FCC, UL<\/p>\n<\/td>\n<\/tr>\n<\/tbody>\n<\/table>\n","protected":false},"excerpt":{"rendered":"<p>\n  UAC-T122-AF28(40)LM is a 2MP LightHunter HD IR fixed turret analog camera with a high-performance 1\/2.9-inch CMOS sensor and 3D noise reduction technology. It supports TVI\/AHD\/CVI\/CVBS, which effectively enhances product adaptability and diversity of networking solutions. With SYV-75-3 or other coaxial cable types, the camera can achieve low-cost, long-distance, and anti-interference mega-pixel HD video transmission without time delay. It supports IR-cut filter with auto-switch (ICR) and provides color images at daytime and black\/white images at night. The camera also supports audio input and synchronous transmission of audio and video.\n<\/p>\n<ul>\n<li>\n    High quality imaging with 2MP resolution\n  <\/li>\n<li>\n    TVI\/AHD\/CVI\/CVBS\n  <\/li>\n<li>\n    Supports IR-cut filter with auto-switch (ICR)\n  <\/li>\n<li>\n    LightHunter monitoring with high-sensitivity sensor\n  <\/li>\n<li>\n    3D noise reduction technology delivers clean and sharp images\n  <\/li>\n<li>\n    Supports 180\u00b0 horizontal flip, 180\u00b0 vertical flip\n  <\/li>\n<li>\n    OSD configuration menu, easy to operate\n  <\/li>\n<li>\n    IP67 waterproof and dustproof design, high reliability\n  <\/li>\n<li>\n    OSD configuration menu in 11 languages\n  <\/li>\n<li>\n    Built-in microphone for high quality audio transmission via coaxial cables\n  <\/li>\n<li>\n    Supports digital defog\n  <\/li>\n<li>\n    3-Axis\n  <\/li>\n<\/ul>\n","protected":false},"featured_media":28194,"template":"","meta":[],"product_cat":[187,343,344],"product_tag":[244],"_links":{"self":[{"href":"https:\/\/beta.b2bunv.com.ua\/index.php?rest_route=\/wp\/v2\/product\/28258"}],"collection":[{"href":"https:\/\/beta.b2bunv.com.ua\/index.php?rest_route=\/wp\/v2\/product"}],"about":[{"href":"https:\/\/beta.b2bunv.com.ua\/index.php?rest_route=\/wp\/v2\/types\/product"}],"version-history":[{"count":1,"href":"https:\/\/beta.b2bunv.com.ua\/index.php?rest_route=\/wp\/v2\/product\/28258\/revisions"}],"predecessor-version":[{"id":28302,"href":"https:\/\/beta.b2bunv.com.ua\/index.php?rest_route=\/wp\/v2\/product\/28258\/revisions\/28302"}],"wp:featuredmedia":[{"embeddable":true,"href":"https:\/\/beta.b2bunv.com.ua\/index.php?rest_route=\/wp\/v2\/media\/28194"}],"wp:attachment":[{"href":"https:\/\/beta.b2bunv.com.ua\/index.php?rest_route=%2Fwp%2Fv2%2Fmedia&parent=28258"}],"wp:term":[{"taxonomy":"product_cat","embeddable":true,"href":"https:\/\/beta.b2bunv.com.ua\/index.php?rest_route=%2Fwp%2Fv2%2Fproduct_cat&post=28258"},{"taxonomy":"product_tag","embeddable":true,"href":"https:\/\/beta.b2bunv.com.ua\/index.php?rest_route=%2Fwp%2Fv2%2Fproduct_tag&post=28258"}],"curies":[{"name":"wp","href":"https:\/\/api.w.org\/{rel}","templated":true}]}}