{"id":28282,"date":"2024-02-21T00:34:10","date_gmt":"2024-02-20T22:34:10","guid":{"rendered":"https:\/\/beta.b2bunv.com.ua\/?post_type=product&#038;p=28282"},"modified":"2024-02-21T00:36:22","modified_gmt":"2024-02-20T22:36:22","slug":"uac-d115-f40","status":"publish","type":"product","link":"https:\/\/beta.b2bunv.com.ua\/?product=uac-d115-f40","title":{"rendered":"UAC-D115-F40"},"content":{"rendered":"<table width=\"100%\">\n<tbody>\n<tr>\n<td class=\"thead\" width=\"20%\"><b>Model<\/b><\/td>\n<td class=\"thead\" width=\"40%\"><b>UAC-D115-F28<\/b><\/td>\n<td class=\"thead\" width=\"40%\"><b>UAC-D115-F40<\/b><\/td>\n<\/tr>\n<tr>\n<td class=\"thead\" colspan=\"3\">Sensor<\/td>\n<\/tr>\n<tr>\n<td>Pixel&nbsp; <\/td>\n<td colspan=\"2\">5MP<\/td>\n<\/tr>\n<tr>\n<td>Size&nbsp; <\/td>\n<td colspan=\"2\">1\/2.7&#8243;<\/td>\n<\/tr>\n<tr>\n<td>Minimum illumination<\/td>\n<td colspan=\"2\">0.02 lux (F2.0, AGC ON)<br \/>0 lux (IR ON)<\/td>\n<\/tr>\n<tr>\n<td class=\"thead\" colspan=\"3\">Lens<\/td>\n<\/tr>\n<tr>\n<td>Lens&nbsp; <\/td>\n<td>2.8mm<\/td>\n<td>4.0mm<\/td>\n<\/tr>\n<tr>\n<td>Lens mount <\/td>\n<td colspan=\"2\">M12<\/td>\n<\/tr>\n<tr>\n<td>Angle of view&nbsp; <\/td>\n<td>H: 102.2\u00b0&nbsp; V: 53.9\u00b0&nbsp; D: 124.8\u00b0<\/td>\n<td>H: 82.9\u00b0&nbsp; V: 46.1\u00b0&nbsp; D: 100.0\u00b0<\/td>\n<\/tr>\n<tr>\n<td class=\"thead\" colspan=\"3\">Illuminator<\/td>\n<\/tr>\n<tr>\n<td>Illuminator <\/td>\n<td colspan=\"2\">One IR illuminator<\/td>\n<\/tr>\n<tr>\n<td>Illumination distance<\/td>\n<td colspan=\"2\">20m<\/td>\n<\/tr>\n<tr>\n<td>Lifetime <\/td>\n<td colspan=\"2\">\u226560,000 hours<\/td>\n<\/tr>\n<tr>\n<td class=\"thead\" colspan=\"3\">Video<\/td>\n<\/tr>\n<tr>\n<td>Resolution <\/td>\n<td colspan=\"2\">5MP@25fps: 2880(H)\u00d71620(V); 5MP@20fps: 2592(H)\u00d71944(V); 5MP@12.5fps: 2592(H)\u00d71944(V)<br \/>4MP: 2560(H)\u00d71440(V)<br \/>1080P: 1920(H)\u00d71080(V)<\/td>\n<\/tr>\n<tr>\n<td>Frame rate <\/td>\n<td colspan=\"2\">TVI: 5MP@20fps (default), 5MP@12.5fps, 4MP@30fps, 4MP@25fps, 1080P@30fps, 1080P@25fps<br \/>AHD: 5MP@20fps, 4MP@30fps, 4MP@25fps, 1080P@30fps, 1080P@25fps<br \/>CVI: 5MP@25fps, 4MP@30fps, 4MP@25fps, 1080P@30fps, 1080P@25fps<br \/>CVBS: PAL, NTSC<\/td>\n<\/tr>\n<tr>\n<td>Shutter time&nbsp; <\/td>\n<td valign=\"top\" colspan=\"2\">PAL: 1\/25s-1\/50000s<br \/>NTSC: 1\/30s\u20131\/50000s<\/td>\n<\/tr>\n<tr>\n<td class=\"thead\" colspan=\"3\">Image<\/td>\n<\/tr>\n<tr>\n<td valign=\"top\">Exposure mode<\/td>\n<td valign=\"top\" colspan=\"2\">Four modes: Global (default), BLC, HLC, DWDR&nbsp; <\/td>\n<\/tr>\n<tr>\n<td>Day\/Night <\/td>\n<td colspan=\"2\">Three modes: Auto (default), Day, Night<\/td>\n<\/tr>\n<tr>\n<td>Digital noise reduction<\/td>\n<td colspan=\"2\">2D<\/td>\n<\/tr>\n<tr>\n<td>White balance<\/td>\n<td colspan=\"2\">Two modes: Auto (default), Manual<\/td>\n<\/tr>\n<tr>\n<td>WDR<\/td>\n<td colspan=\"2\">DWDR &nbsp;<\/td>\n<\/tr>\n<tr>\n<td>Smart IR<\/td>\n<td colspan=\"2\">Support&nbsp; <\/td>\n<\/tr>\n<tr>\n<td>Flip<\/td>\n<td colspan=\"2\">Supports 180\u00b0 horizontal flip, 180\u00b0 vertical flip<\/td>\n<\/tr>\n<tr>\n<td>Defog<\/td>\n<td colspan=\"2\">N\/A&nbsp; <\/td>\n<\/tr>\n<tr>\n<td class=\"thead\" colspan=\"3\">Audio<\/td>\n<\/tr>\n<tr>\n<td>Microphone&nbsp; <\/td>\n<td colspan=\"2\">N\/A&nbsp; <\/td>\n<\/tr>\n<tr>\n<td>Camera audio&nbsp; <\/td>\n<td colspan=\"2\">N\/A<\/td>\n<\/tr>\n<tr>\n<td class=\"thead\" colspan=\"3\">Interface<\/td>\n<\/tr>\n<tr>\n<td>Power&nbsp; <\/td>\n<td colspan=\"2\">5.5mm power interface<\/td>\n<\/tr>\n<tr>\n<td>Video output&nbsp; <\/td>\n<td colspan=\"2\">BNC, supports TVI\/AHD\/CVI\/CVBS<\/td>\n<\/tr>\n<tr>\n<td class=\"thead\" colspan=\"3\">Operating environment<\/td>\n<\/tr>\n<tr>\n<td>Temperature&nbsp; <\/td>\n<td colspan=\"2\">-30\u00b0C to 60\u00b0C (-22\u00b0F to 140\u00b0F)<\/td>\n<\/tr>\n<tr>\n<td>Humidity&nbsp; <\/td>\n<td colspan=\"2\">\u226495% (RH, non-condensing)&nbsp; <\/td>\n<\/tr>\n<tr>\n<td>Surge protection&nbsp; <\/td>\n<td colspan=\"2\">4kV<\/td>\n<\/tr>\n<tr>\n<td>Ingress protection&nbsp; <\/td>\n<td colspan=\"2\">IP67<\/td>\n<\/tr>\n<tr>\n<td class=\"thead\" colspan=\"3\">General<\/td>\n<\/tr>\n<tr>\n<td>Power<\/td>\n<td colspan=\"2\">DC 12V (\u00b125%), with reverse polarity protection, Max 3.4W<\/td>\n<\/tr>\n<tr>\n<td>Mount<\/td>\n<td colspan=\"2\">Surface mount (default), optional backbox, wall\/pole\/corner\/tilted\/pendant mount bracket<\/td>\n<\/tr>\n<tr>\n<td>Dimensions<\/td>\n<td colspan=\"2\">\u03a6111mm*83mm (diameter*height)<\/td>\n<\/tr>\n<tr>\n<td>Material<\/td>\n<td colspan=\"2\">Plastic&nbsp; <\/td>\n<\/tr>\n<tr>\n<td>Weight<\/td>\n<td colspan=\"2\">233g(0.51lb)<\/td>\n<\/tr>\n<tr>\n<td>Certification<\/td>\n<td colspan=\"2\">CE, FCC<\/td>\n<\/tr>\n<\/tbody>\n<\/table>\n","protected":false},"excerpt":{"rendered":"<ul>\n<li>\n    High quality imaging with 2MP resolution\n  <\/li>\n<li>\n    TVI\/AHD\/CVI\/CVBS\n  <\/li>\n<li>\n    Supports IR-cut filter with auto-switch (ICR)\n  <\/li>\n<li>\n    Supports 180\u00b0 horizontal flip, 180\u00b0 vertical flip\n  <\/li>\n<li>\n    OSD configuration menu, easy to operate\n  <\/li>\n<li>\n    IP67 waterproof and dustproof design, high reliability\n  <\/li>\n<li>\n    OSD configuration menu in 11 languages\n  <\/li>\n<li>\n    3-Axis\n  <\/li>\n<\/ul>\n","protected":false},"featured_media":28361,"template":"","meta":[],"product_cat":[187,324,326],"product_tag":[],"_links":{"self":[{"href":"https:\/\/beta.b2bunv.com.ua\/index.php?rest_route=\/wp\/v2\/product\/28282"}],"collection":[{"href":"https:\/\/beta.b2bunv.com.ua\/index.php?rest_route=\/wp\/v2\/product"}],"about":[{"href":"https:\/\/beta.b2bunv.com.ua\/index.php?rest_route=\/wp\/v2\/types\/product"}],"version-history":[{"count":1,"href":"https:\/\/beta.b2bunv.com.ua\/index.php?rest_route=\/wp\/v2\/product\/28282\/revisions"}],"predecessor-version":[{"id":28367,"href":"https:\/\/beta.b2bunv.com.ua\/index.php?rest_route=\/wp\/v2\/product\/28282\/revisions\/28367"}],"wp:featuredmedia":[{"embeddable":true,"href":"https:\/\/beta.b2bunv.com.ua\/index.php?rest_route=\/wp\/v2\/media\/28361"}],"wp:attachment":[{"href":"https:\/\/beta.b2bunv.com.ua\/index.php?rest_route=%2Fwp%2Fv2%2Fmedia&parent=28282"}],"wp:term":[{"taxonomy":"product_cat","embeddable":true,"href":"https:\/\/beta.b2bunv.com.ua\/index.php?rest_route=%2Fwp%2Fv2%2Fproduct_cat&post=28282"},{"taxonomy":"product_tag","embeddable":true,"href":"https:\/\/beta.b2bunv.com.ua\/index.php?rest_route=%2Fwp%2Fv2%2Fproduct_tag&post=28282"}],"curies":[{"name":"wp","href":"https:\/\/api.w.org\/{rel}","templated":true}]}}