{"id":28661,"date":"2024-02-21T00:43:39","date_gmt":"2024-02-20T22:43:39","guid":{"rendered":"https:\/\/beta.b2bunv.com.ua\/?post_type=product&#038;p=28661"},"modified":"2024-02-21T00:44:47","modified_gmt":"2024-02-20T22:44:47","slug":"uac-t115-af40-w","status":"publish","type":"product","link":"https:\/\/beta.b2bunv.com.ua\/?product=uac-t115-af40-w","title":{"rendered":"UAC-T115-AF40-W"},"content":{"rendered":"<table width=\"100%\">\n<tbody>\n<tr>\n<td class=\"thead\" width=\"20%\"><b>Model<\/b><\/td>\n<td class=\"thead\" width=\"40%\"><b>UAC-T115-AF28-W<\/b><\/td>\n<td class=\"thead\" width=\"40%\"><b>UAC-T115-AF40-W<\/b><\/td>\n<\/tr>\n<tr>\n<td class=\"thead\" colspan=\"3\"><b>Sensor<\/b><\/td>\n<\/tr>\n<tr>\n<td>Pixel<\/td>\n<td colspan=\"2\">5MP<\/td>\n<\/tr>\n<tr>\n<td>Size<\/td>\n<td colspan=\"2\">1\/2.7&#8243;<\/td>\n<\/tr>\n<tr>\n<td>Minimum illumination<\/td>\n<td colspan=\"2\">0.01 lux (F1.6, AGC ON)<br \/>0 lux (white light on)<\/td>\n<\/tr>\n<tr>\n<td class=\"thead\" colspan=\"3\"><b>Lens<\/b><\/td>\n<\/tr>\n<tr>\n<td>Lens<\/td>\n<td>2.8mm<\/td>\n<td>4.0mm<\/td>\n<\/tr>\n<tr>\n<td>Lens mount<\/td>\n<td colspan=\"2\">M12<\/td>\n<\/tr>\n<tr>\n<td>Angle of view&nbsp; <\/td>\n<td>H: 110.0\u00b0&nbsp; V: 57.0\u00b0&nbsp; D: 130.0\u00b0<\/td>\n<td>H: 90.0\u00b0&nbsp; V: 48.0\u00b0&nbsp; D: 109.1\u00b0<\/td>\n<\/tr>\n<tr>\n<td class=\"thead\" colspan=\"3\"><b>Illuminator<\/b><\/td>\n<\/tr>\n<tr>\n<td>Illuminator<\/td>\n<td colspan=\"2\">One white-light illuminator<\/td>\n<\/tr>\n<tr>\n<td>Illumination distance<\/td>\n<td colspan=\"2\">20m<\/td>\n<\/tr>\n<tr>\n<td>Lifetime<\/td>\n<td colspan=\"2\">\u226560,000 hours<\/td>\n<\/tr>\n<tr>\n<td class=\"thead\" colspan=\"3\"><b>Video<\/b><\/td>\n<\/tr>\n<tr>\n<td>Resolution<\/td>\n<td colspan=\"2\">5MP@25fps: 2880(H)\u00d71620(V); 5MP@20fps: 2592(H)\u00d71944(V); 5MP@12.5fps: 2592(H)\u00d71944(V)<br \/>4MP: 2560(H)\u00d71440(V)<br \/>1080P: 1920(H)\u00d71080(V)<\/td>\n<\/tr>\n<tr>\n<td>Frame rate<\/td>\n<td colspan=\"2\">TVI: 5MP@20fps (default), 5MP@12.5fps, 4MP@25fps, 4MP@30fps, 1080P@25fps, 1080P@30fps<br \/>AHD: 5MP@20fps, 4MP@25fps, 4MP@30fps, 1080P@25fps, 1080P@30fps<br \/>CVI: 5MP@25fps, 4MP@25fps, 4MP@30fps, 1080P@25fps, 1080P@30fps<br \/>CVBS: PAL, NTSC<\/td>\n<\/tr>\n<tr>\n<td>Shutter time<\/td>\n<td valign=\"top\" colspan=\"2\">PAL: 1\/25s-1\/50000s<br \/>NTSC: 1\/30s\u20131\/50000s<\/td>\n<\/tr>\n<tr>\n<td class=\"thead\" colspan=\"3\"><b>Image<\/b><\/td>\n<\/tr>\n<tr>\n<td valign=\"top\">Exposure mode<\/td>\n<td valign=\"top\" colspan=\"2\">Four modes: Global (default), BLC, HLC, DWDR&nbsp; <\/td>\n<\/tr>\n<tr>\n<td>Day\/Night<\/td>\n<td colspan=\"2\">24\/7 color images<\/td>\n<\/tr>\n<tr>\n<td>Digital noise reduction<\/td>\n<td colspan=\"2\">2D<\/td>\n<\/tr>\n<tr>\n<td>White balance<\/td>\n<td colspan=\"2\">Two modes: Auto (default), Manual<\/td>\n<\/tr>\n<tr>\n<td>WDR<\/td>\n<td colspan=\"2\">DWDR<\/td>\n<\/tr>\n<tr>\n<td>Flip<\/td>\n<td colspan=\"2\">Supports 180\u00b0 horizontal flip, 180\u00b0 vertical flip<\/td>\n<\/tr>\n<tr>\n<td>Defog <\/td>\n<td colspan=\"2\">N\/A&nbsp; <\/td>\n<\/tr>\n<tr>\n<td class=\"thead\" colspan=\"3\"><b>Audio<\/b><\/td>\n<\/tr>\n<tr>\n<td>Microphone&nbsp; <\/td>\n<td colspan=\"2\">Built-in Mic<\/td>\n<\/tr>\n<tr>\n<td>Camera audio&nbsp; <\/td>\n<td colspan=\"2\">TVI: 5MP@20fps, 5MP@12.5fps, 4MP@25fps, 4MP@30fps, 1080P@25fps, 1080P@30fps<br \/>CVI: 5MP@25fps, 4MP@25fps, 4MP@30fps<\/td>\n<\/tr>\n<tr>\n<td class=\"thead\" colspan=\"3\"><b>Interface<\/b><\/td>\n<\/tr>\n<tr>\n<td>Power<\/td>\n<td colspan=\"2\">5.5mm power interface<\/td>\n<\/tr>\n<tr>\n<td>Video output<\/td>\n<td colspan=\"2\">BNC, supports TVI\/AHD\/CVI\/CVBS<\/td>\n<\/tr>\n<tr>\n<td class=\"thead\" colspan=\"3\"><b>Operating environment<\/b><\/td>\n<\/tr>\n<tr>\n<td>Temperature<\/td>\n<td colspan=\"2\">-30\u2103 to 60\u2103(-22\u2109 to 140\u2109)<\/td>\n<\/tr>\n<tr>\n<td>Humidity<\/td>\n<td colspan=\"2\">\u226495% (RH, non-condensing)<\/td>\n<\/tr>\n<tr>\n<td>Surge protection<\/td>\n<td colspan=\"2\">4KV<\/td>\n<\/tr>\n<tr>\n<td class=\"thead\" colspan=\"3\"><b>General<\/b><\/td>\n<\/tr>\n<tr>\n<td>Power<\/td>\n<td colspan=\"2\">DC 12V(\u00b125%), with reverse polarity protection, Max 2.3W<\/td>\n<\/tr>\n<tr>\n<td>Mount<\/td>\n<td colspan=\"2\">Surface mount (default), optional backbox, wall mount bracket, pole mount bracket<\/td>\n<\/tr>\n<tr>\n<td>Dimensions<\/td>\n<td colspan=\"2\">\u03a6118mm*96mm (diameter*height)<\/td>\n<\/tr>\n<tr>\n<td>Material<\/td>\n<td colspan=\"2\">Graphene+Plastic<\/td>\n<\/tr>\n<tr>\n<td>Weight<\/td>\n<td colspan=\"2\">210g (0.46lb)<\/td>\n<\/tr>\n<tr>\n<td>OSD menu language<\/td>\n<td colspan=\"2\">11 Languages<br \/>English, German, Spanish(Latin America), French, Italian, Japanese, Korean, Polish, Portuguese(Brazil), Russian, Turkish<\/td>\n<\/tr>\n<tr>\n<td class=\"thead\" colspan=\"3\"><b>Certification<\/b><\/td>\n<\/tr>\n<tr>\n<td>EMC<\/td>\n<td colspan=\"2\">CE-EMC (EN 55032,EN 61000-3-3,EN IEC 61000-3-2,EN 55035)<br \/>FCC (FCC 47 CFR part15 B)<\/td>\n<\/tr>\n<tr>\n<td>Safety<\/td>\n<td colspan=\"2\">CE-LVD (EN 62368-1)<\/td>\n<\/tr>\n<tr>\n<td>Environment<\/td>\n<td colspan=\"2\">CE-RoHS (2011\/65\/EU;(EU)2015\/863); WEEE (2012\/19\/EU)<\/td>\n<\/tr>\n<tr>\n<td>Protection<\/td>\n<td colspan=\"2\">IP67 (IEC 60529)<\/td>\n<\/tr>\n<\/tbody>\n<\/table>\n","protected":false},"excerpt":{"rendered":"<ul>\n<li>\n    5MP high quality image\n  <\/li>\n<li>\n    TVI\/AHD\/CVI\/CVBS\n  <\/li>\n<li>\n    Supports white light illumination, 24\/7 color images\n  <\/li>\n<li>\n    Supports 180\u00b0 horizontal flip, 180\u00b0 vertical flip\n  <\/li>\n<li>\n    OSD configuration menu, easy to operate\n  <\/li>\n<li>\n    IP67 waterproof and dustproof design, high reliability\n  <\/li>\n<li>\n    OSD configuration menu in 11 languages\n  <\/li>\n<li>\n    Built-in microphone for high quality audio transmission via coaxial cables\n  <\/li>\n<\/ul>\n","protected":false},"featured_media":28715,"template":"","meta":[],"product_cat":[187,324,326],"product_tag":[210],"_links":{"self":[{"href":"https:\/\/beta.b2bunv.com.ua\/index.php?rest_route=\/wp\/v2\/product\/28661"}],"collection":[{"href":"https:\/\/beta.b2bunv.com.ua\/index.php?rest_route=\/wp\/v2\/product"}],"about":[{"href":"https:\/\/beta.b2bunv.com.ua\/index.php?rest_route=\/wp\/v2\/types\/product"}],"version-history":[{"count":1,"href":"https:\/\/beta.b2bunv.com.ua\/index.php?rest_route=\/wp\/v2\/product\/28661\/revisions"}],"predecessor-version":[{"id":28719,"href":"https:\/\/beta.b2bunv.com.ua\/index.php?rest_route=\/wp\/v2\/product\/28661\/revisions\/28719"}],"wp:featuredmedia":[{"embeddable":true,"href":"https:\/\/beta.b2bunv.com.ua\/index.php?rest_route=\/wp\/v2\/media\/28715"}],"wp:attachment":[{"href":"https:\/\/beta.b2bunv.com.ua\/index.php?rest_route=%2Fwp%2Fv2%2Fmedia&parent=28661"}],"wp:term":[{"taxonomy":"product_cat","embeddable":true,"href":"https:\/\/beta.b2bunv.com.ua\/index.php?rest_route=%2Fwp%2Fv2%2Fproduct_cat&post=28661"},{"taxonomy":"product_tag","embeddable":true,"href":"https:\/\/beta.b2bunv.com.ua\/index.php?rest_route=%2Fwp%2Fv2%2Fproduct_tag&post=28661"}],"curies":[{"name":"wp","href":"https:\/\/api.w.org\/{rel}","templated":true}]}}